{"id":25,"date":"2020-04-24T12:15:08","date_gmt":"2020-04-24T10:15:08","guid":{"rendered":"http:\/\/localhost\/dittlmann\/?page_id=25"},"modified":"2020-05-13T08:13:17","modified_gmt":"2020-05-13T06:13:17","slug":"feuerwehr","status":"publish","type":"page","link":"https:\/\/www.dittlmann.de\/dittlmann\/feuerwehr\/","title":{"rendered":"Feuerwehr"},"content":{"rendered":"<div id=\"pl-25\"  class=\"panel-layout\" ><div id=\"pg-25-0\"  class=\"panel-grid panel-has-style\" ><div class=\"padded panel-row-style panel-row-style-for-25-0\" ><div id=\"pgc-25-0-0\"  class=\"panel-grid-cell\" ><div id=\"panel-25-0-0-0\" class=\"so-panel widget widget_sow-editor panel-first-child\" data-index=\"0\" ><div\n\t\t\t\n\t\t\tclass=\"so-widget-sow-editor so-widget-sow-editor-base\"\n\t\t\t\n\t\t>\n<div class=\"siteorigin-widget-tinymce textwidget\">\n\t<h1>Hier Florian Passau 1 kommen<\/h1>\n<\/div>\n<\/div><\/div><div id=\"panel-25-0-0-1\" class=\"so-panel widget widget_sow-editor panel-last-child\" data-index=\"1\" ><div\n\t\t\t\n\t\t\tclass=\"so-widget-sow-editor so-widget-sow-editor-base\"\n\t\t\t\n\t\t>\n<div class=\"siteorigin-widget-tinymce textwidget\">\n\t<ul class=\"simple-list\">\n<li>1989 Eintritt in die Feuerwehr Passau<\/li>\n<li>1992 bis 2001 Jugendwart beim L\u00f6schzug Hauptwache<\/li>\n<li>2001 Wahl zum stv. Kommandanten der Feuerwehr Passau und Ernennung zum Stadtbrandinspektor<\/li>\n<li>2001 Ernennung zum im Voraus benannten \u00f6rtlichen Einsatzleiter f\u00fcr die Stadt Passau<\/li>\n<li>2010 Zugf\u00fchrer des L\u00f6schzuges Hauptwache<\/li>\n<li>2010 Stv. Kontingentf\u00fchrer f\u00fcr das Feuerwehr-Hilfeleistungskontingent von Landkreis und Stadt Passau<\/li>\n<li>2019 Wahl zum Kommandanten der Feuerwehr Passau und Ernennung zum Stadtbrandrat<\/li>\n<\/ul>\n<\/div>\n<\/div><\/div><\/div><div id=\"pgc-25-0-1\"  class=\"panel-grid-cell\" ><div id=\"panel-25-0-1-0\" class=\"so-panel widget widget_sow-image panel-first-child panel-last-child\" data-index=\"2\" ><div\n\t\t\t\n\t\t\tclass=\"so-widget-sow-image so-widget-sow-image-default-8b5b6f678277-25\"\n\t\t\t\n\t\t>\n<div class=\"sow-image-container\">\n\t\t<img \n\tsrc=\"https:\/\/www.dittlmann.de\/dittlmann\/wp-content\/uploads\/sites\/4\/2020\/05\/feuerwehr.jpg\" width=\"600\" height=\"600\" srcset=\"https:\/\/www.dittlmann.de\/dittlmann\/wp-content\/uploads\/sites\/4\/2020\/05\/feuerwehr.jpg 600w, https:\/\/www.dittlmann.de\/dittlmann\/wp-content\/uploads\/sites\/4\/2020\/05\/feuerwehr-300x300.jpg 300w, https:\/\/www.dittlmann.de\/dittlmann\/wp-content\/uploads\/sites\/4\/2020\/05\/feuerwehr-150x150.jpg 150w\" sizes=\"(max-width: 600px) 100vw, 600px\" alt=\"\" \t\tclass=\"so-widget-image\"\/>\n\t<\/div>\n\n<\/div><\/div><\/div><\/div><\/div><div id=\"pg-25-1\"  class=\"panel-grid panel-has-style\" ><div class=\"padded inverted streched panel-row-style panel-row-style-for-25-1\" ><div id=\"pgc-25-1-0\"  class=\"panel-grid-cell panel-grid-cell-mobile-last\" ><div id=\"panel-25-1-0-0\" class=\"so-panel widget widget_sow-editor panel-first-child\" data-index=\"3\" ><div\n\t\t\t\n\t\t\tclass=\"so-widget-sow-editor so-widget-sow-editor-base\"\n\t\t\t\n\t\t>\n<div class=\"siteorigin-widget-tinymce textwidget\">\n\t<h3>Lehrg\u00e4nge und Auszeichnungen<\/h3>\n<\/div>\n<\/div><\/div><div id=\"panel-25-1-0-1\" class=\"so-panel widget widget_sow-accordion panel-last-child\" data-index=\"4\" ><div\n\t\t\t\n\t\t\tclass=\"so-widget-sow-accordion so-widget-sow-accordion-default-99be652ed941-25\"\n\t\t\t\n\t\t><div>\n\t<div class=\"sow-accordion\">\n\t\t\t<div class=\"sow-accordion-panel\n\t\t\t\t\"\n\t\t\tdata-anchor-id=\"lehrgaenge\">\n\t\t\t\t<div class=\"sow-accordion-panel-header-container\" role=\"heading\" aria-level=\"2\">\n\t\t\t\t\t<div class=\"sow-accordion-panel-header\" tabindex=\"0\" role=\"button\" id=\"accordion-label-lehrg%c3%a4nge\" aria-controls=\"accordion-content-lehrg%c3%a4nge\" aria-expanded=\"false\">\n\t\t\t\t\t\t<div class=\"sow-accordion-title sow-accordion-title-icon-left\">\n\t\t\t\t\t\t\t\t\t\t\t\t\t\tLehrg\u00e4nge\t\t\t\t\t\t\t\t\t\t\t\t\t<\/div>\n\t\t\t\t\t\t<div class=\"sow-accordion-open-close-button\">\n\t\t\t\t\t\t\t<div class=\"sow-accordion-open-button\">\n\t\t\t\t\t\t\t\t<span class=\"sow-icon-ionicons\" data-sow-icon=\"&#xf218;\"\n\t\t \n\t\taria-hidden=\"true\"><\/span>\t\t\t\t\t\t\t<\/div>\n\t\t\t\t\t\t\t<div class=\"sow-accordion-close-button\">\n\t\t\t\t\t\t\t\t<span class=\"sow-icon-ionicons\" data-sow-icon=\"&#xf209;\"\n\t\t \n\t\taria-hidden=\"true\"><\/span>\t\t\t\t\t\t\t<\/div>\n\t\t\t\t\t\t<\/div>\n\t\t\t\t\t<\/div>\n\t\t\t\t<\/div>\n\n\t\t\t<div\n\t\t\t\tclass=\"sow-accordion-panel-content\"\n\t\t\t\trole=\"region\"\n\t\t\t\taria-labelledby=\"accordion-label-lehrg%c3%a4nge\"\n\t\t\t\tid=\"accordion-content-lehrg%c3%a4nge\"\n\t\t\t\tstyle=\"display: none;\"\t\t\t>\n\t\t\t\t<div class=\"sow-accordion-panel-border\">\n\t\t\t\t\t<ul class=\"simple-list\">\n \t<li value=\"0\">1990 Truppmannausbildung<\/li>\n \t<li value=\"0\">1990 Atemschutzger\u00e4tetr\u00e4ger<\/li>\n \t<li value=\"0\">1991 \u00d6lschadensbek\u00e4mpfung<\/li>\n \t<li value=\"0\">1991 Technische Hilfeleistung<\/li>\n \t<li value=\"0\">1991 Strahlenschutz<\/li>\n \t<li value=\"0\">1991 Maschinist<\/li>\n \t<li value=\"0\">1992 Sprechfunker<\/li>\n \t<li value=\"0\">1992 Gruppenf\u00fchrer<\/li>\n \t<li value=\"0\">1992 Jugendwart<\/li>\n \t<li value=\"0\">1992 Bootsf\u00fchrer<\/li>\n \t<li value=\"0\">1993 Zugf\u00fchrer<\/li>\n \t<li value=\"0\">1995 Gef\u00e4hrliche Stoffe<\/li>\n \t<li value=\"0\">1995 Leiter einer Feuerwehr (Kommandanten)<\/li>\n \t<li value=\"0\">1996 Ausbilder f\u00fcr Truppmann\/Truppf\u00fchrer<\/li>\n \t<li value=\"0\">1998 F\u00fchrer von F\u00fchrungsgruppen und Verb\u00e4nden<\/li>\n \t<li value=\"0\">1998 Gef\u00e4hrliche Stoffe F\u00fchrung<\/li>\n \t<li value=\"0\">1998 Stressbew\u00e4ltigung<\/li>\n \t<li value=\"0\">1999 Fortbildung Hilfeleistungseinsatz<\/li>\n \t<li value=\"0\">1999 Technische Hilfeleistung Eisenbahn<\/li>\n \t<li value=\"0\">1999 L\u00f6schwasser Aussenlastbeh\u00e4lter f\u00fcr Hubschrauber -F\u00fchrung-<\/li>\n \t<li value=\"0\">1999 F\u00fchrung bei Katastrophen f\u00fcr F\u00fcgK und \u00d6EL<\/li>\n \t<li value=\"0\">2000 \u00d6lwehrger\u00e4te F\u00fchrung<\/li>\n \t<li value=\"0\">2001 \u00d6ffentlichkeitsarbeit an der Einsatzstelle<\/li>\n \t<li value=\"0\">2002 \u00d6ffentlichkeitsarbeit in der Feuerwehr<\/li>\n \t<li value=\"0\">2002 Vorbeugender Brandschutz<\/li>\n \t<li value=\"0\">2003 Schiedsrichter<\/li>\n \t<li value=\"0\">2007 Seminar \"Hilfe wenn die Seele brennt - Unterst\u00fctzung f\u00fcr Betroffene und Helfer\"<\/li>\n \t<li value=\"0\">2009 Fortbildung Strahlenschutz<\/li>\n \t<li value=\"0\">2009 Leistungspr\u00fcfung - Die Gruppe im Hilfeleistungseinsatz<\/li>\n \t<li value=\"0\">2009 Alarmierungsplanung<\/li>\n \t<li value=\"0\">2012 Fortbildung Einsatzleitung<\/li>\n \t<li value=\"0\">2012 Einf\u00fchrung in die Stabsarbeit<\/li>\n \t<li value=\"0\">2013 Sondersignal-Fahrt-Training des LFV Bayern<\/li>\n \t<li value=\"0\">2013 Aufbaulehrgang f\u00fcr F\u00fchrungskr\u00e4fte - Energieversorgung<\/li>\n \t<li value=\"0\">2014 F\u00fchrer im ABC-Einsatz<\/li>\n \t<li value=\"0\">2014 Fachwissen Digitalfunk<\/li>\n \t<li value=\"0\">2014 Aufbaulehrgang f\u00fcr F\u00fchrungskr\u00e4fte - Eisenbahn<\/li>\n \t<li value=\"0\">2014 Aufbaulehrgang f\u00fcr F\u00fchrungskr\u00e4fte - Digitalfunk F\u00fchrungsstufe CD<\/li>\n \t<li value=\"0\">2015 Fortbildung Strahlenschutz<\/li>\n \t<li value=\"0\">2015 Aufbaulehrgang f\u00fcr F\u00fchrungskr\u00e4fte - Gef\u00e4hrliche Stoffe - Messtechnik<\/li>\n \t<li value=\"0\">2016 Fortbildung f\u00fcr \u00d6rtliche Einsatzleiter: Hochwasserschutz und Deichverteidigung<\/li>\n \t<li value=\"0\">2016 Drehleitermaschinist<\/li>\n \t<li value=\"0\">2017 Fortbildung f\u00fcr \u00d6rtliche Einsatzleiter - Hilfeleistungskontingent<\/li>\n \t<li value=\"0\">2017 Verantwortung von Feuerwehr-F\u00fchrungskr\u00e4ften im Arbeitsschutz<\/li>\n \t<li value=\"0\">2017 THL-LKW<\/li>\n \t<li value=\"0\">2018 Integrierte Leitstelle - Zusammenarbeit mit der Leitstelle vor Ort<\/li>\n \t<li value=\"0\">2018 Zusammenarbeit Feuerwehr mit dem Rettungs-, Sanit\u00e4ts- und Betreuungsdienst<\/li>\n \t<li value=\"0\">2018 Vorbeugender Brandschutz - Fachwissen f\u00fcr Einsatzleiter<\/li>\n<\/ul>\t\t\t\t<\/div>\n\t\t\t<\/div>\n\t\t<\/div>\n\t\t\t<div class=\"sow-accordion-panel\n\t\t\t\t\"\n\t\t\tdata-anchor-id=\"leistungspruefungen\">\n\t\t\t\t<div class=\"sow-accordion-panel-header-container\" role=\"heading\" aria-level=\"2\">\n\t\t\t\t\t<div class=\"sow-accordion-panel-header\" tabindex=\"0\" role=\"button\" id=\"accordion-label-leistungspr%c3%bcfungen\" aria-controls=\"accordion-content-leistungspr%c3%bcfungen\" aria-expanded=\"false\">\n\t\t\t\t\t\t<div class=\"sow-accordion-title sow-accordion-title-icon-left\">\n\t\t\t\t\t\t\t\t\t\t\t\t\t\tLeistungspr\u00fcfungen\t\t\t\t\t\t\t\t\t\t\t\t\t<\/div>\n\t\t\t\t\t\t<div class=\"sow-accordion-open-close-button\">\n\t\t\t\t\t\t\t<div class=\"sow-accordion-open-button\">\n\t\t\t\t\t\t\t\t<span class=\"sow-icon-ionicons\" data-sow-icon=\"&#xf218;\"\n\t\t \n\t\taria-hidden=\"true\"><\/span>\t\t\t\t\t\t\t<\/div>\n\t\t\t\t\t\t\t<div class=\"sow-accordion-close-button\">\n\t\t\t\t\t\t\t\t<span class=\"sow-icon-ionicons\" data-sow-icon=\"&#xf209;\"\n\t\t \n\t\taria-hidden=\"true\"><\/span>\t\t\t\t\t\t\t<\/div>\n\t\t\t\t\t\t<\/div>\n\t\t\t\t\t<\/div>\n\t\t\t\t<\/div>\n\n\t\t\t<div\n\t\t\t\tclass=\"sow-accordion-panel-content\"\n\t\t\t\trole=\"region\"\n\t\t\t\taria-labelledby=\"accordion-label-leistungspr%c3%bcfungen\"\n\t\t\t\tid=\"accordion-content-leistungspr%c3%bcfungen\"\n\t\t\t\tstyle=\"display: none;\"\t\t\t>\n\t\t\t\t<div class=\"sow-accordion-panel-border\">\n\t\t\t\t\t<ul class=\"simple-list\">\n \t<li value=\"0\">Gruppe im L\u00f6scheinsatz in der Stufe Gold-rot<\/li>\n \t<li value=\"0\">Gruppe im Hilfeleistungseinstz in der Stufe Gold-rot<\/li>\n \t<li value=\"0\">Leistungspr\u00fcfung Technische Hilfeleistung in Silber des Landes-Feuerwehrverbandes Ober\u00f6sterreich<\/li>\n \t<li value=\"0\">Leistungspr\u00fcfung Atemschutz in Bronze des Landes-Feuerwehrverbandes Ober\u00f6sterreich<\/li>\n \t<li value=\"0\">Atemschutzleistungswettbewerb in Niederbayern in Gold<\/li>\n<\/ul>\t\t\t\t<\/div>\n\t\t\t<\/div>\n\t\t<\/div>\n\t\t\t<div class=\"sow-accordion-panel\n\t\t\t\t\"\n\t\t\tdata-anchor-id=\"ehrungen\">\n\t\t\t\t<div class=\"sow-accordion-panel-header-container\" role=\"heading\" aria-level=\"2\">\n\t\t\t\t\t<div class=\"sow-accordion-panel-header\" tabindex=\"0\" role=\"button\" id=\"accordion-label-ehrungen\" aria-controls=\"accordion-content-ehrungen\" aria-expanded=\"false\">\n\t\t\t\t\t\t<div class=\"sow-accordion-title sow-accordion-title-icon-left\">\n\t\t\t\t\t\t\t\t\t\t\t\t\t\tEhrungen\t\t\t\t\t\t\t\t\t\t\t\t\t<\/div>\n\t\t\t\t\t\t<div class=\"sow-accordion-open-close-button\">\n\t\t\t\t\t\t\t<div class=\"sow-accordion-open-button\">\n\t\t\t\t\t\t\t\t<span class=\"sow-icon-ionicons\" data-sow-icon=\"&#xf218;\"\n\t\t \n\t\taria-hidden=\"true\"><\/span>\t\t\t\t\t\t\t<\/div>\n\t\t\t\t\t\t\t<div class=\"sow-accordion-close-button\">\n\t\t\t\t\t\t\t\t<span class=\"sow-icon-ionicons\" data-sow-icon=\"&#xf209;\"\n\t\t \n\t\taria-hidden=\"true\"><\/span>\t\t\t\t\t\t\t<\/div>\n\t\t\t\t\t\t<\/div>\n\t\t\t\t\t<\/div>\n\t\t\t\t<\/div>\n\n\t\t\t<div\n\t\t\t\tclass=\"sow-accordion-panel-content\"\n\t\t\t\trole=\"region\"\n\t\t\t\taria-labelledby=\"accordion-label-ehrungen\"\n\t\t\t\tid=\"accordion-content-ehrungen\"\n\t\t\t\tstyle=\"display: none;\"\t\t\t>\n\t\t\t\t<div class=\"sow-accordion-panel-border\">\n\t\t\t\t\t<ul class=\"simple-list\">\n \t<li value=\"0\">2001 Ehrennadel der Jugendfeuerwehr Bayern in Silber<\/li>\n \t<li value=\"0\">2002 Wasserwachtmedallie in Silber<\/li>\n \t<li value=\"0\">2002 Einsatzmedaille Fluthilfe der Bundesrepublik Deutschland<\/li>\n \t<li value=\"0\">2003 Deutsches Feuerwehr-Ehrenkreuz in Silber<\/li>\n \t<li value=\"0\">2009 Steckkreuz der Feuerwehren in Bayern<\/li>\n \t<li value=\"0\">2011 THW Helferabzeichen in Gold<\/li>\n \t<li value=\"0\">2012 Ehrennadel in Silber der Luftrettungsstaffel Bayern e.V.<\/li>\n \t<li value=\"0\">2013 Bayerische Fluthilfenadel<\/li>\n \t<li value=\"0\">2014 Feuerwehr Ehrenzeichen f\u00fcr 25j\u00e4hrige aktive Dienstzeit<\/li>\n \t<li value=\"0\">2014 Niederbayerische Feuerwehr-Ehrenkreuz in Gold<\/li>\n \t<li value=\"0\">2014 Einsatzmedaille Fluthilfe 2013 der Bundesrepublik Deutschland<\/li>\n<\/ul>\t\t\t\t<\/div>\n\t\t\t<\/div>\n\t\t<\/div>\n\t\t\t<div class=\"sow-accordion-panel\n\t\t\t\t\"\n\t\t\tdata-anchor-id=\"befoerderungen\">\n\t\t\t\t<div class=\"sow-accordion-panel-header-container\" role=\"heading\" aria-level=\"2\">\n\t\t\t\t\t<div class=\"sow-accordion-panel-header\" tabindex=\"0\" role=\"button\" id=\"accordion-label-bef%c3%b6rderungen\" aria-controls=\"accordion-content-bef%c3%b6rderungen\" aria-expanded=\"false\">\n\t\t\t\t\t\t<div class=\"sow-accordion-title sow-accordion-title-icon-left\">\n\t\t\t\t\t\t\t\t\t\t\t\t\t\tBef\u00f6rderungen\t\t\t\t\t\t\t\t\t\t\t\t\t<\/div>\n\t\t\t\t\t\t<div class=\"sow-accordion-open-close-button\">\n\t\t\t\t\t\t\t<div class=\"sow-accordion-open-button\">\n\t\t\t\t\t\t\t\t<span class=\"sow-icon-ionicons\" data-sow-icon=\"&#xf218;\"\n\t\t \n\t\taria-hidden=\"true\"><\/span>\t\t\t\t\t\t\t<\/div>\n\t\t\t\t\t\t\t<div class=\"sow-accordion-close-button\">\n\t\t\t\t\t\t\t\t<span class=\"sow-icon-ionicons\" data-sow-icon=\"&#xf209;\"\n\t\t \n\t\taria-hidden=\"true\"><\/span>\t\t\t\t\t\t\t<\/div>\n\t\t\t\t\t\t<\/div>\n\t\t\t\t\t<\/div>\n\t\t\t\t<\/div>\n\n\t\t\t<div\n\t\t\t\tclass=\"sow-accordion-panel-content\"\n\t\t\t\trole=\"region\"\n\t\t\t\taria-labelledby=\"accordion-label-bef%c3%b6rderungen\"\n\t\t\t\tid=\"accordion-content-bef%c3%b6rderungen\"\n\t\t\t\tstyle=\"display: none;\"\t\t\t>\n\t\t\t\t<div class=\"sow-accordion-panel-border\">\n\t\t\t\t\t<ul class=\"simple-list\">\n \t<li value=\"0\">1991 Feuerwehrmann<\/li>\n \t<li value=\"0\">1993 L\u00f6schmeister<\/li>\n \t<li value=\"0\">1998 Oberl\u00f6schmeister<\/li>\n \t<li value=\"0\">2001 Oberbrandmeister<\/li>\n \t<li value=\"0\">2019 Hauptbrandmeister<\/li>\n<\/ul>\t\t\t\t<\/div>\n\t\t\t<\/div>\n\t\t<\/div>\n\t\t<\/div>\n<\/div>\n<\/div><\/div><\/div><div id=\"pgc-25-1-1\"  class=\"panel-grid-cell panel-grid-cell-empty\" ><\/div><\/div><\/div><\/div>","protected":false},"excerpt":{"rendered":"<p>Hier Florian Passau 1 kommen 1989 Eintritt in die Feuerwehr Passau 1992 bis 2001 Jugendwart beim L\u00f6schzug Hauptwache 2001 Wahl zum stv. Kommandanten der Feuerwehr Passau und Ernennung zum Stadtbrandinspektor 2001 Ernennung zum im Voraus benannten \u00f6rtlichen Einsatzleiter f\u00fcr die Stadt Passau 2010 Zugf\u00fchrer des L\u00f6schzuges Hauptwache 2010 Stv. Kontingentf\u00fchrer f\u00fcr das Feuerwehr-Hilfeleistungskontingent von Landkreis [&hellip;]<\/p>\n","protected":false},"author":1,"featured_media":0,"parent":0,"menu_order":0,"comment_status":"closed","ping_status":"closed","template":"","meta":{"footnotes":""},"class_list":["post-25","page","type-page","status-publish","hentry"],"yoast_head":"<!-- This site is optimized with the Yoast SEO plugin v26.7 - https:\/\/yoast.com\/wordpress\/plugins\/seo\/ -->\n<title>Feuerwehr - Andreas Dittlmann<\/title>\n<meta name=\"robots\" content=\"index, follow, max-snippet:-1, max-image-preview:large, max-video-preview:-1\" \/>\n<link rel=\"canonical\" href=\"https:\/\/www.dittlmann.de\/dittlmann\/feuerwehr\/\" \/>\n<meta property=\"og:locale\" content=\"de_DE\" \/>\n<meta property=\"og:type\" content=\"article\" \/>\n<meta property=\"og:title\" content=\"Feuerwehr - Andreas Dittlmann\" \/>\n<meta property=\"og:description\" content=\"Hier Florian Passau 1 kommen 1989 Eintritt in die Feuerwehr Passau 1992 bis 2001 Jugendwart beim L\u00f6schzug Hauptwache 2001 Wahl zum stv. Kommandanten der Feuerwehr Passau und Ernennung zum Stadtbrandinspektor 2001 Ernennung zum im Voraus benannten \u00f6rtlichen Einsatzleiter f\u00fcr die Stadt Passau 2010 Zugf\u00fchrer des L\u00f6schzuges Hauptwache 2010 Stv. Kontingentf\u00fchrer f\u00fcr das Feuerwehr-Hilfeleistungskontingent von Landkreis [&hellip;]\" \/>\n<meta property=\"og:url\" content=\"https:\/\/www.dittlmann.de\/dittlmann\/feuerwehr\/\" \/>\n<meta property=\"og:site_name\" content=\"Andreas Dittlmann\" \/>\n<meta property=\"article:modified_time\" content=\"2020-05-13T06:13:17+00:00\" \/>\n<meta name=\"twitter:card\" content=\"summary_large_image\" \/>\n<script type=\"application\/ld+json\" class=\"yoast-schema-graph\">{\"@context\":\"https:\/\/schema.org\",\"@graph\":[{\"@type\":\"WebPage\",\"@id\":\"https:\/\/www.dittlmann.de\/dittlmann\/feuerwehr\/\",\"url\":\"https:\/\/www.dittlmann.de\/dittlmann\/feuerwehr\/\",\"name\":\"Feuerwehr - Andreas Dittlmann\",\"isPartOf\":{\"@id\":\"https:\/\/www.dittlmann.de\/dittlmann\/#website\"},\"datePublished\":\"2020-04-24T10:15:08+00:00\",\"dateModified\":\"2020-05-13T06:13:17+00:00\",\"breadcrumb\":{\"@id\":\"https:\/\/www.dittlmann.de\/dittlmann\/feuerwehr\/#breadcrumb\"},\"inLanguage\":\"de\",\"potentialAction\":[{\"@type\":\"ReadAction\",\"target\":[\"https:\/\/www.dittlmann.de\/dittlmann\/feuerwehr\/\"]}]},{\"@type\":\"BreadcrumbList\",\"@id\":\"https:\/\/www.dittlmann.de\/dittlmann\/feuerwehr\/#breadcrumb\",\"itemListElement\":[{\"@type\":\"ListItem\",\"position\":1,\"name\":\"Startseite\",\"item\":\"https:\/\/www.dittlmann.de\/dittlmann\/\"},{\"@type\":\"ListItem\",\"position\":2,\"name\":\"Feuerwehr\"}]},{\"@type\":\"WebSite\",\"@id\":\"https:\/\/www.dittlmann.de\/dittlmann\/#website\",\"url\":\"https:\/\/www.dittlmann.de\/dittlmann\/\",\"name\":\"Andreas Dittlmann\",\"description\":\"\",\"publisher\":{\"@id\":\"https:\/\/www.dittlmann.de\/dittlmann\/#organization\"},\"potentialAction\":[{\"@type\":\"SearchAction\",\"target\":{\"@type\":\"EntryPoint\",\"urlTemplate\":\"https:\/\/www.dittlmann.de\/dittlmann\/?s={search_term_string}\"},\"query-input\":{\"@type\":\"PropertyValueSpecification\",\"valueRequired\":true,\"valueName\":\"search_term_string\"}}],\"inLanguage\":\"de\"},{\"@type\":\"Organization\",\"@id\":\"https:\/\/www.dittlmann.de\/dittlmann\/#organization\",\"name\":\"Andreas Dittlmann\",\"url\":\"https:\/\/www.dittlmann.de\/dittlmann\/\",\"logo\":{\"@type\":\"ImageObject\",\"inLanguage\":\"de\",\"@id\":\"https:\/\/www.dittlmann.de\/dittlmann\/#\/schema\/logo\/image\/\",\"url\":\"https:\/\/www.dittlmann.de\/dittlmann\/wp-content\/uploads\/sites\/4\/2020\/05\/dittlmann_logo-1.jpg\",\"contentUrl\":\"https:\/\/www.dittlmann.de\/dittlmann\/wp-content\/uploads\/sites\/4\/2020\/05\/dittlmann_logo-1.jpg\",\"width\":260,\"height\":56,\"caption\":\"Andreas Dittlmann\"},\"image\":{\"@id\":\"https:\/\/www.dittlmann.de\/dittlmann\/#\/schema\/logo\/image\/\"}}]}<\/script>\n<!-- \/ Yoast SEO plugin. -->","yoast_head_json":{"title":"Feuerwehr - Andreas Dittlmann","robots":{"index":"index","follow":"follow","max-snippet":"max-snippet:-1","max-image-preview":"max-image-preview:large","max-video-preview":"max-video-preview:-1"},"canonical":"https:\/\/www.dittlmann.de\/dittlmann\/feuerwehr\/","og_locale":"de_DE","og_type":"article","og_title":"Feuerwehr - Andreas Dittlmann","og_description":"Hier Florian Passau 1 kommen 1989 Eintritt in die Feuerwehr Passau 1992 bis 2001 Jugendwart beim L\u00f6schzug Hauptwache 2001 Wahl zum stv. Kommandanten der Feuerwehr Passau und Ernennung zum Stadtbrandinspektor 2001 Ernennung zum im Voraus benannten \u00f6rtlichen Einsatzleiter f\u00fcr die Stadt Passau 2010 Zugf\u00fchrer des L\u00f6schzuges Hauptwache 2010 Stv. Kontingentf\u00fchrer f\u00fcr das Feuerwehr-Hilfeleistungskontingent von Landkreis [&hellip;]","og_url":"https:\/\/www.dittlmann.de\/dittlmann\/feuerwehr\/","og_site_name":"Andreas Dittlmann","article_modified_time":"2020-05-13T06:13:17+00:00","twitter_card":"summary_large_image","schema":{"@context":"https:\/\/schema.org","@graph":[{"@type":"WebPage","@id":"https:\/\/www.dittlmann.de\/dittlmann\/feuerwehr\/","url":"https:\/\/www.dittlmann.de\/dittlmann\/feuerwehr\/","name":"Feuerwehr - Andreas Dittlmann","isPartOf":{"@id":"https:\/\/www.dittlmann.de\/dittlmann\/#website"},"datePublished":"2020-04-24T10:15:08+00:00","dateModified":"2020-05-13T06:13:17+00:00","breadcrumb":{"@id":"https:\/\/www.dittlmann.de\/dittlmann\/feuerwehr\/#breadcrumb"},"inLanguage":"de","potentialAction":[{"@type":"ReadAction","target":["https:\/\/www.dittlmann.de\/dittlmann\/feuerwehr\/"]}]},{"@type":"BreadcrumbList","@id":"https:\/\/www.dittlmann.de\/dittlmann\/feuerwehr\/#breadcrumb","itemListElement":[{"@type":"ListItem","position":1,"name":"Startseite","item":"https:\/\/www.dittlmann.de\/dittlmann\/"},{"@type":"ListItem","position":2,"name":"Feuerwehr"}]},{"@type":"WebSite","@id":"https:\/\/www.dittlmann.de\/dittlmann\/#website","url":"https:\/\/www.dittlmann.de\/dittlmann\/","name":"Andreas Dittlmann","description":"","publisher":{"@id":"https:\/\/www.dittlmann.de\/dittlmann\/#organization"},"potentialAction":[{"@type":"SearchAction","target":{"@type":"EntryPoint","urlTemplate":"https:\/\/www.dittlmann.de\/dittlmann\/?s={search_term_string}"},"query-input":{"@type":"PropertyValueSpecification","valueRequired":true,"valueName":"search_term_string"}}],"inLanguage":"de"},{"@type":"Organization","@id":"https:\/\/www.dittlmann.de\/dittlmann\/#organization","name":"Andreas Dittlmann","url":"https:\/\/www.dittlmann.de\/dittlmann\/","logo":{"@type":"ImageObject","inLanguage":"de","@id":"https:\/\/www.dittlmann.de\/dittlmann\/#\/schema\/logo\/image\/","url":"https:\/\/www.dittlmann.de\/dittlmann\/wp-content\/uploads\/sites\/4\/2020\/05\/dittlmann_logo-1.jpg","contentUrl":"https:\/\/www.dittlmann.de\/dittlmann\/wp-content\/uploads\/sites\/4\/2020\/05\/dittlmann_logo-1.jpg","width":260,"height":56,"caption":"Andreas Dittlmann"},"image":{"@id":"https:\/\/www.dittlmann.de\/dittlmann\/#\/schema\/logo\/image\/"}}]}},"_links":{"self":[{"href":"https:\/\/www.dittlmann.de\/dittlmann\/wp-json\/wp\/v2\/pages\/25","targetHints":{"allow":["GET"]}}],"collection":[{"href":"https:\/\/www.dittlmann.de\/dittlmann\/wp-json\/wp\/v2\/pages"}],"about":[{"href":"https:\/\/www.dittlmann.de\/dittlmann\/wp-json\/wp\/v2\/types\/page"}],"author":[{"embeddable":true,"href":"https:\/\/www.dittlmann.de\/dittlmann\/wp-json\/wp\/v2\/users\/1"}],"replies":[{"embeddable":true,"href":"https:\/\/www.dittlmann.de\/dittlmann\/wp-json\/wp\/v2\/comments?post=25"}],"version-history":[{"count":37,"href":"https:\/\/www.dittlmann.de\/dittlmann\/wp-json\/wp\/v2\/pages\/25\/revisions"}],"predecessor-version":[{"id":416,"href":"https:\/\/www.dittlmann.de\/dittlmann\/wp-json\/wp\/v2\/pages\/25\/revisions\/416"}],"wp:attachment":[{"href":"https:\/\/www.dittlmann.de\/dittlmann\/wp-json\/wp\/v2\/media?parent=25"}],"curies":[{"name":"wp","href":"https:\/\/api.w.org\/{rel}","templated":true}]}}