{"id":27,"date":"2020-04-24T12:15:15","date_gmt":"2020-04-24T10:15:15","guid":{"rendered":"http:\/\/localhost\/dittlmann\/?page_id=27"},"modified":"2020-05-13T08:09:47","modified_gmt":"2020-05-13T06:09:47","slug":"immobilien","status":"publish","type":"page","link":"https:\/\/www.dittlmann.de\/dittlmann\/immobilien\/","title":{"rendered":"Immobilien"},"content":{"rendered":"<div id=\"pl-27\"  class=\"panel-layout\" ><div id=\"pg-27-0\"  class=\"panel-grid panel-has-style\" ><div class=\"padded panel-row-style panel-row-style-for-27-0\" ><div id=\"pgc-27-0-0\"  class=\"panel-grid-cell\" ><div id=\"panel-27-0-0-0\" class=\"so-panel widget widget_sow-editor panel-first-child\" data-index=\"0\" ><div\n\t\t\t\n\t\t\tclass=\"so-widget-sow-editor so-widget-sow-editor-base\"\n\t\t\t\n\t\t>\n<div class=\"siteorigin-widget-tinymce textwidget\">\n\t<h1>Dittlmann Grundst\u00fcck GmbH&amp;Co. KG<\/h1>\n<\/div>\n<\/div><\/div><div id=\"panel-27-0-0-1\" class=\"so-panel widget widget_sow-editor\" data-index=\"1\" ><div\n\t\t\t\n\t\t\tclass=\"so-widget-sow-editor so-widget-sow-editor-base\"\n\t\t\t\n\t\t>\n<div class=\"siteorigin-widget-tinymce textwidget\">\n\t<p>Die Dittlmann Grundst\u00fccks GmbH &amp; Co.KG ist im Besitz von Immobilien, die ein bestimmtes Niveau erf\u00fcllen. Sowohl die Gewerbeeinheiten als auch die Wohnungen sind auf neuesten Stand.<\/p>\n<p>Bei der Hausverwaltung wird mit der Donau Treuhand GmbH &amp; Co Verwaltungsgesellschaft f\u00fcr Haus- und Grundbesitz KG zusammengearbeitet.<\/p>\n<p>&nbsp;<\/p>\n<\/div>\n<\/div><\/div><div id=\"panel-27-0-0-2\" class=\"so-panel widget widget_sow-editor panel-last-child\" data-index=\"2\" ><div\n\t\t\t\n\t\t\tclass=\"so-widget-sow-editor so-widget-sow-editor-base\"\n\t\t\t\n\t\t>\n<div class=\"siteorigin-widget-tinymce textwidget\">\n\t<h3>Als Objekte stehen momentan zur Verf\u00fcgung:<\/h3>\n<p>&nbsp;<\/p>\n<p><strong>Das \"Dittlmann-Haus\" in der Bahnhofstra\u00dfe 11 in Passau<\/strong><\/p>\n<p>Das Dittlmann-Haus, ein modernes Wohn- und Gesch\u00e4ftshaus in der Passauer Innenstadt.<\/p>\n<p><em>Momentan sind alle Einheiten vermietet.<\/em><\/p>\n<p>&nbsp;<\/p>\n<p><strong>Das \"Dr. Lohwasser-Haus\" in der Sechzehner Stra\u00dfe 7 in Passau<\/strong><\/p>\n<p><a class=\"btn\" href=\"http:\/\/lohwasserhaus.de\/\" target=\"_blank\" rel=\"noopener\">Zur Webseite<\/a><\/p>\n<p>&nbsp;<\/p>\n<\/div>\n<\/div><\/div><\/div><div id=\"pgc-27-0-1\"  class=\"panel-grid-cell\" ><div id=\"panel-27-0-1-0\" class=\"so-panel widget widget_sow-image panel-first-child panel-last-child\" data-index=\"3\" ><div\n\t\t\t\n\t\t\tclass=\"so-widget-sow-image so-widget-sow-image-default-8b5b6f678277-27\"\n\t\t\t\n\t\t>\n<div class=\"sow-image-container\">\n\t\t<img \n\tsrc=\"https:\/\/www.dittlmann.de\/dittlmann\/wp-content\/uploads\/sites\/4\/2020\/05\/DSC02789.jpg\" width=\"800\" height=\"533\" srcset=\"https:\/\/www.dittlmann.de\/dittlmann\/wp-content\/uploads\/sites\/4\/2020\/05\/DSC02789.jpg 800w, https:\/\/www.dittlmann.de\/dittlmann\/wp-content\/uploads\/sites\/4\/2020\/05\/DSC02789-300x200.jpg 300w, https:\/\/www.dittlmann.de\/dittlmann\/wp-content\/uploads\/sites\/4\/2020\/05\/DSC02789-768x512.jpg 768w\" sizes=\"(max-width: 800px) 100vw, 800px\" alt=\"\" \t\tclass=\"so-widget-image\"\/>\n\t<\/div>\n\n<\/div><\/div><\/div><\/div><\/div><\/div>","protected":false},"excerpt":{"rendered":"<p>Dittlmann Grundst\u00fcck GmbH&amp;Co. KG Die Dittlmann Grundst\u00fccks GmbH &amp; Co.KG ist im Besitz von Immobilien, die ein bestimmtes Niveau erf\u00fcllen. Sowohl die Gewerbeeinheiten als auch die Wohnungen sind auf neuesten Stand. Bei der Hausverwaltung wird mit der Donau Treuhand GmbH &amp; Co Verwaltungsgesellschaft f\u00fcr Haus- und Grundbesitz KG zusammengearbeitet. &nbsp; Als Objekte stehen momentan zur [&hellip;]<\/p>\n","protected":false},"author":1,"featured_media":0,"parent":0,"menu_order":0,"comment_status":"closed","ping_status":"closed","template":"","meta":{"footnotes":""},"class_list":["post-27","page","type-page","status-publish","hentry"],"yoast_head":"<!-- This site is optimized with the Yoast SEO plugin v26.7 - https:\/\/yoast.com\/wordpress\/plugins\/seo\/ -->\n<title>Immobilien - Andreas Dittlmann<\/title>\n<meta name=\"robots\" content=\"index, follow, max-snippet:-1, max-image-preview:large, max-video-preview:-1\" \/>\n<link rel=\"canonical\" href=\"https:\/\/www.dittlmann.de\/dittlmann\/immobilien\/\" \/>\n<meta property=\"og:locale\" content=\"de_DE\" \/>\n<meta property=\"og:type\" content=\"article\" \/>\n<meta property=\"og:title\" content=\"Immobilien - Andreas Dittlmann\" \/>\n<meta property=\"og:description\" content=\"Dittlmann Grundst\u00fcck GmbH&amp;Co. KG Die Dittlmann Grundst\u00fccks GmbH &amp; Co.KG ist im Besitz von Immobilien, die ein bestimmtes Niveau erf\u00fcllen. Sowohl die Gewerbeeinheiten als auch die Wohnungen sind auf neuesten Stand. Bei der Hausverwaltung wird mit der Donau Treuhand GmbH &amp; Co Verwaltungsgesellschaft f\u00fcr Haus- und Grundbesitz KG zusammengearbeitet. &nbsp; Als Objekte stehen momentan zur [&hellip;]\" \/>\n<meta property=\"og:url\" content=\"https:\/\/www.dittlmann.de\/dittlmann\/immobilien\/\" \/>\n<meta property=\"og:site_name\" content=\"Andreas Dittlmann\" \/>\n<meta property=\"article:modified_time\" content=\"2020-05-13T06:09:47+00:00\" \/>\n<meta name=\"twitter:card\" content=\"summary_large_image\" \/>\n<meta name=\"twitter:label1\" content=\"Gesch\u00e4tzte Lesezeit\" \/>\n\t<meta name=\"twitter:data1\" content=\"1\u00a0Minute\" \/>\n<script type=\"application\/ld+json\" class=\"yoast-schema-graph\">{\"@context\":\"https:\/\/schema.org\",\"@graph\":[{\"@type\":\"WebPage\",\"@id\":\"https:\/\/www.dittlmann.de\/dittlmann\/immobilien\/\",\"url\":\"https:\/\/www.dittlmann.de\/dittlmann\/immobilien\/\",\"name\":\"Immobilien - Andreas Dittlmann\",\"isPartOf\":{\"@id\":\"https:\/\/www.dittlmann.de\/dittlmann\/#website\"},\"datePublished\":\"2020-04-24T10:15:15+00:00\",\"dateModified\":\"2020-05-13T06:09:47+00:00\",\"breadcrumb\":{\"@id\":\"https:\/\/www.dittlmann.de\/dittlmann\/immobilien\/#breadcrumb\"},\"inLanguage\":\"de\",\"potentialAction\":[{\"@type\":\"ReadAction\",\"target\":[\"https:\/\/www.dittlmann.de\/dittlmann\/immobilien\/\"]}]},{\"@type\":\"BreadcrumbList\",\"@id\":\"https:\/\/www.dittlmann.de\/dittlmann\/immobilien\/#breadcrumb\",\"itemListElement\":[{\"@type\":\"ListItem\",\"position\":1,\"name\":\"Startseite\",\"item\":\"https:\/\/www.dittlmann.de\/dittlmann\/\"},{\"@type\":\"ListItem\",\"position\":2,\"name\":\"Immobilien\"}]},{\"@type\":\"WebSite\",\"@id\":\"https:\/\/www.dittlmann.de\/dittlmann\/#website\",\"url\":\"https:\/\/www.dittlmann.de\/dittlmann\/\",\"name\":\"Andreas Dittlmann\",\"description\":\"\",\"publisher\":{\"@id\":\"https:\/\/www.dittlmann.de\/dittlmann\/#organization\"},\"potentialAction\":[{\"@type\":\"SearchAction\",\"target\":{\"@type\":\"EntryPoint\",\"urlTemplate\":\"https:\/\/www.dittlmann.de\/dittlmann\/?s={search_term_string}\"},\"query-input\":{\"@type\":\"PropertyValueSpecification\",\"valueRequired\":true,\"valueName\":\"search_term_string\"}}],\"inLanguage\":\"de\"},{\"@type\":\"Organization\",\"@id\":\"https:\/\/www.dittlmann.de\/dittlmann\/#organization\",\"name\":\"Andreas Dittlmann\",\"url\":\"https:\/\/www.dittlmann.de\/dittlmann\/\",\"logo\":{\"@type\":\"ImageObject\",\"inLanguage\":\"de\",\"@id\":\"https:\/\/www.dittlmann.de\/dittlmann\/#\/schema\/logo\/image\/\",\"url\":\"https:\/\/www.dittlmann.de\/dittlmann\/wp-content\/uploads\/sites\/4\/2020\/05\/dittlmann_logo-1.jpg\",\"contentUrl\":\"https:\/\/www.dittlmann.de\/dittlmann\/wp-content\/uploads\/sites\/4\/2020\/05\/dittlmann_logo-1.jpg\",\"width\":260,\"height\":56,\"caption\":\"Andreas Dittlmann\"},\"image\":{\"@id\":\"https:\/\/www.dittlmann.de\/dittlmann\/#\/schema\/logo\/image\/\"}}]}<\/script>\n<!-- \/ Yoast SEO plugin. -->","yoast_head_json":{"title":"Immobilien - Andreas Dittlmann","robots":{"index":"index","follow":"follow","max-snippet":"max-snippet:-1","max-image-preview":"max-image-preview:large","max-video-preview":"max-video-preview:-1"},"canonical":"https:\/\/www.dittlmann.de\/dittlmann\/immobilien\/","og_locale":"de_DE","og_type":"article","og_title":"Immobilien - Andreas Dittlmann","og_description":"Dittlmann Grundst\u00fcck GmbH&amp;Co. KG Die Dittlmann Grundst\u00fccks GmbH &amp; Co.KG ist im Besitz von Immobilien, die ein bestimmtes Niveau erf\u00fcllen. Sowohl die Gewerbeeinheiten als auch die Wohnungen sind auf neuesten Stand. Bei der Hausverwaltung wird mit der Donau Treuhand GmbH &amp; Co Verwaltungsgesellschaft f\u00fcr Haus- und Grundbesitz KG zusammengearbeitet. &nbsp; Als Objekte stehen momentan zur [&hellip;]","og_url":"https:\/\/www.dittlmann.de\/dittlmann\/immobilien\/","og_site_name":"Andreas Dittlmann","article_modified_time":"2020-05-13T06:09:47+00:00","twitter_card":"summary_large_image","twitter_misc":{"Gesch\u00e4tzte Lesezeit":"1\u00a0Minute"},"schema":{"@context":"https:\/\/schema.org","@graph":[{"@type":"WebPage","@id":"https:\/\/www.dittlmann.de\/dittlmann\/immobilien\/","url":"https:\/\/www.dittlmann.de\/dittlmann\/immobilien\/","name":"Immobilien - Andreas Dittlmann","isPartOf":{"@id":"https:\/\/www.dittlmann.de\/dittlmann\/#website"},"datePublished":"2020-04-24T10:15:15+00:00","dateModified":"2020-05-13T06:09:47+00:00","breadcrumb":{"@id":"https:\/\/www.dittlmann.de\/dittlmann\/immobilien\/#breadcrumb"},"inLanguage":"de","potentialAction":[{"@type":"ReadAction","target":["https:\/\/www.dittlmann.de\/dittlmann\/immobilien\/"]}]},{"@type":"BreadcrumbList","@id":"https:\/\/www.dittlmann.de\/dittlmann\/immobilien\/#breadcrumb","itemListElement":[{"@type":"ListItem","position":1,"name":"Startseite","item":"https:\/\/www.dittlmann.de\/dittlmann\/"},{"@type":"ListItem","position":2,"name":"Immobilien"}]},{"@type":"WebSite","@id":"https:\/\/www.dittlmann.de\/dittlmann\/#website","url":"https:\/\/www.dittlmann.de\/dittlmann\/","name":"Andreas Dittlmann","description":"","publisher":{"@id":"https:\/\/www.dittlmann.de\/dittlmann\/#organization"},"potentialAction":[{"@type":"SearchAction","target":{"@type":"EntryPoint","urlTemplate":"https:\/\/www.dittlmann.de\/dittlmann\/?s={search_term_string}"},"query-input":{"@type":"PropertyValueSpecification","valueRequired":true,"valueName":"search_term_string"}}],"inLanguage":"de"},{"@type":"Organization","@id":"https:\/\/www.dittlmann.de\/dittlmann\/#organization","name":"Andreas Dittlmann","url":"https:\/\/www.dittlmann.de\/dittlmann\/","logo":{"@type":"ImageObject","inLanguage":"de","@id":"https:\/\/www.dittlmann.de\/dittlmann\/#\/schema\/logo\/image\/","url":"https:\/\/www.dittlmann.de\/dittlmann\/wp-content\/uploads\/sites\/4\/2020\/05\/dittlmann_logo-1.jpg","contentUrl":"https:\/\/www.dittlmann.de\/dittlmann\/wp-content\/uploads\/sites\/4\/2020\/05\/dittlmann_logo-1.jpg","width":260,"height":56,"caption":"Andreas Dittlmann"},"image":{"@id":"https:\/\/www.dittlmann.de\/dittlmann\/#\/schema\/logo\/image\/"}}]}},"_links":{"self":[{"href":"https:\/\/www.dittlmann.de\/dittlmann\/wp-json\/wp\/v2\/pages\/27","targetHints":{"allow":["GET"]}}],"collection":[{"href":"https:\/\/www.dittlmann.de\/dittlmann\/wp-json\/wp\/v2\/pages"}],"about":[{"href":"https:\/\/www.dittlmann.de\/dittlmann\/wp-json\/wp\/v2\/types\/page"}],"author":[{"embeddable":true,"href":"https:\/\/www.dittlmann.de\/dittlmann\/wp-json\/wp\/v2\/users\/1"}],"replies":[{"embeddable":true,"href":"https:\/\/www.dittlmann.de\/dittlmann\/wp-json\/wp\/v2\/comments?post=27"}],"version-history":[{"count":13,"href":"https:\/\/www.dittlmann.de\/dittlmann\/wp-json\/wp\/v2\/pages\/27\/revisions"}],"predecessor-version":[{"id":409,"href":"https:\/\/www.dittlmann.de\/dittlmann\/wp-json\/wp\/v2\/pages\/27\/revisions\/409"}],"wp:attachment":[{"href":"https:\/\/www.dittlmann.de\/dittlmann\/wp-json\/wp\/v2\/media?parent=27"}],"curies":[{"name":"wp","href":"https:\/\/api.w.org\/{rel}","templated":true}]}}