{"id":29,"date":"2020-04-24T12:15:21","date_gmt":"2020-04-24T10:15:21","guid":{"rendered":"http:\/\/localhost\/dittlmann\/?page_id=29"},"modified":"2020-05-13T08:55:07","modified_gmt":"2020-05-13T06:55:07","slug":"vita","status":"publish","type":"page","link":"https:\/\/www.dittlmann.de\/dittlmann\/vita\/","title":{"rendered":"Vita"},"content":{"rendered":"<div id=\"pl-29\"  class=\"panel-layout\" ><div id=\"pg-29-0\"  class=\"panel-grid panel-has-style\" ><div class=\"padded panel-row-style panel-row-style-for-29-0\" ><div id=\"pgc-29-0-0\"  class=\"panel-grid-cell\" ><div id=\"panel-29-0-0-0\" class=\"so-panel widget widget_sow-editor panel-first-child\" data-index=\"0\" ><div\n\t\t\t\n\t\t\tclass=\"so-widget-sow-editor so-widget-sow-editor-base\"\n\t\t\t\n\t\t>\n<div class=\"siteorigin-widget-tinymce textwidget\">\n\t<h1>Mein Lebenslauf<\/h1>\n<\/div>\n<\/div><\/div><div id=\"panel-29-0-0-1\" class=\"so-panel widget widget_sow-editor panel-last-child\" data-index=\"1\" ><div\n\t\t\t\n\t\t\tclass=\"so-widget-sow-editor so-widget-sow-editor-base\"\n\t\t\t\n\t\t>\n<div class=\"siteorigin-widget-tinymce textwidget\">\n\t<ul class=\"simple-list\">\n<li><strong>02.05.1968:<\/strong> Geboren in Passau<\/li>\n<li><strong>1974-1978:<\/strong> Volksschule St. Nikola<\/li>\n<li><strong>1978-1987:<\/strong> Maristengymnasium F\u00fcrstenzell<\/li>\n<li><strong>1987:<\/strong> Abitur mit Leistungskursf\u00e4chern Mathematik und Alt-Griechisch<\/li>\n<li><strong>1987-1988:<\/strong> Lehre zum Kaufmann im Einzelhandel in M\u00fchldorf am Inn und Rothenburg\u00a0ob der Tauber<\/li>\n<li><strong>1988-1989:<\/strong> Ausbildung zum Handelsfachwirt in M\u00fcnchen<\/li>\n<li><strong>1989-2007:<\/strong> Gesch\u00e4ftsf\u00fchrer im elterlichen Betrieb \"Spiel + Freizeit Dittlmann GmbH\"<\/li>\n<li><strong>1990-1994:<\/strong> Stv. Vorsitzender des Einzelhandelverbandes Passau<\/li>\n<li><strong>1994-2004:<\/strong> Vorsitzender des Einzelhandelverbandes Passau<\/li>\n<li><strong>1995-2000:<\/strong> Ehrenamtlicher Richter am Arbeitsgericht Passau<\/li>\n<li><strong>1998-2000:<\/strong> Aufsichtratsmitglied Vedes eG<\/li>\n<li><strong>1998-2007:<\/strong> Mitglied der IHK-Vollversammlung<\/li>\n<li><strong>2000-2007:<\/strong> Mitglied IHK-Pr\u00fcfungsausschuss<\/li>\n<li><strong>2008-2009:<\/strong> Praktikum und Mitarbeit in der strategischen Unternehmenskommunikation bei \"Tele Regional Passau 1\"<\/li>\n<li><strong>2009:<\/strong> Dittlmann Grundst\u00fccks GmbH&amp;Co.KG - Umbau und Entwicklung des \"Dittlmann-Haus\"<\/li>\n<li><strong>2009:<\/strong> Mitarbeit im Wahlkampfteam des Bundestagsabgeordneten Dr. Max Stadler<\/li>\n<li><strong>2009 - 2013:<\/strong> Mitarbeiter des Parlamentarischen Staatssekret\u00e4rsder Bundesminister in der Justiz Dr. Max Stadler (verstorben am 12.05.2013)<\/li>\n<li><strong>2013-2014:<\/strong> Modernisierung und Erweiterung des \"Dr. Lohwasser Hauses\"<\/li>\n<li><strong>2014-2015:<\/strong> Mitarbeit bei der Regierung von Niederbayern im Sachgebiet 10 \"Sicherheit und Ordnung\" mit Schwerpunkt Feuerwehrwesen, Digitalfunk und Lehrgangsverwaltung<\/li>\n<li><strong>seit 2015:<\/strong> Fachb\u00fcro f\u00fcr Feuerwehr-Bedarfsplanung und Ausschreibung<\/li>\n<li><strong>seit 1992:<\/strong> Stadtrat<\/li>\n<\/ul>\n<\/div>\n<\/div><\/div><\/div><div id=\"pgc-29-0-1\"  class=\"panel-grid-cell\" ><div id=\"panel-29-0-1-0\" class=\"so-panel widget widget_sow-image panel-first-child panel-last-child\" data-index=\"2\" ><div\n\t\t\t\n\t\t\tclass=\"so-widget-sow-image so-widget-sow-image-default-8b5b6f678277-29\"\n\t\t\t\n\t\t>\n<div class=\"sow-image-container\">\n\t\t<img \n\tsrc=\"https:\/\/www.dittlmann.de\/dittlmann\/wp-content\/uploads\/sites\/4\/2020\/05\/dittlmann-profil.jpg\" width=\"600\" height=\"400\" srcset=\"https:\/\/www.dittlmann.de\/dittlmann\/wp-content\/uploads\/sites\/4\/2020\/05\/dittlmann-profil.jpg 600w, https:\/\/www.dittlmann.de\/dittlmann\/wp-content\/uploads\/sites\/4\/2020\/05\/dittlmann-profil-300x200.jpg 300w\" sizes=\"(max-width: 600px) 100vw, 600px\" alt=\"\" \t\tclass=\"so-widget-image\"\/>\n\t<\/div>\n\n<\/div><\/div><\/div><\/div><\/div><\/div>","protected":false},"excerpt":{"rendered":"<p>Mein Lebenslauf 02.05.1968: Geboren in Passau 1974-1978: Volksschule St. Nikola 1978-1987: Maristengymnasium F\u00fcrstenzell 1987: Abitur mit Leistungskursf\u00e4chern Mathematik und Alt-Griechisch 1987-1988: Lehre zum Kaufmann im Einzelhandel in M\u00fchldorf am Inn und Rothenburg\u00a0ob der Tauber 1988-1989: Ausbildung zum Handelsfachwirt in M\u00fcnchen 1989-2007: Gesch\u00e4ftsf\u00fchrer im elterlichen Betrieb &#8222;Spiel + Freizeit Dittlmann GmbH&#8220; 1990-1994: Stv. Vorsitzender des Einzelhandelverbandes [&hellip;]<\/p>\n","protected":false},"author":1,"featured_media":0,"parent":0,"menu_order":0,"comment_status":"closed","ping_status":"closed","template":"","meta":{"footnotes":""},"class_list":["post-29","page","type-page","status-publish","hentry"],"yoast_head":"<!-- This site is optimized with the Yoast SEO plugin v26.7 - https:\/\/yoast.com\/wordpress\/plugins\/seo\/ -->\n<title>Vita - Andreas Dittlmann<\/title>\n<meta name=\"robots\" content=\"index, follow, max-snippet:-1, max-image-preview:large, max-video-preview:-1\" \/>\n<link rel=\"canonical\" href=\"https:\/\/www.dittlmann.de\/dittlmann\/vita\/\" \/>\n<meta property=\"og:locale\" content=\"de_DE\" \/>\n<meta property=\"og:type\" content=\"article\" \/>\n<meta property=\"og:title\" content=\"Vita - Andreas Dittlmann\" \/>\n<meta property=\"og:description\" content=\"Mein Lebenslauf 02.05.1968: Geboren in Passau 1974-1978: Volksschule St. Nikola 1978-1987: Maristengymnasium F\u00fcrstenzell 1987: Abitur mit Leistungskursf\u00e4chern Mathematik und Alt-Griechisch 1987-1988: Lehre zum Kaufmann im Einzelhandel in M\u00fchldorf am Inn und Rothenburg\u00a0ob der Tauber 1988-1989: Ausbildung zum Handelsfachwirt in M\u00fcnchen 1989-2007: Gesch\u00e4ftsf\u00fchrer im elterlichen Betrieb &quot;Spiel + Freizeit Dittlmann GmbH&quot; 1990-1994: Stv. Vorsitzender des Einzelhandelverbandes [&hellip;]\" \/>\n<meta property=\"og:url\" content=\"https:\/\/www.dittlmann.de\/dittlmann\/vita\/\" \/>\n<meta property=\"og:site_name\" content=\"Andreas Dittlmann\" \/>\n<meta property=\"article:modified_time\" content=\"2020-05-13T06:55:07+00:00\" \/>\n<meta name=\"twitter:card\" content=\"summary_large_image\" \/>\n<meta name=\"twitter:label1\" content=\"Gesch\u00e4tzte Lesezeit\" \/>\n\t<meta name=\"twitter:data1\" content=\"1\u00a0Minute\" \/>\n<script type=\"application\/ld+json\" class=\"yoast-schema-graph\">{\"@context\":\"https:\/\/schema.org\",\"@graph\":[{\"@type\":\"WebPage\",\"@id\":\"https:\/\/www.dittlmann.de\/dittlmann\/vita\/\",\"url\":\"https:\/\/www.dittlmann.de\/dittlmann\/vita\/\",\"name\":\"Vita - Andreas Dittlmann\",\"isPartOf\":{\"@id\":\"https:\/\/www.dittlmann.de\/dittlmann\/#website\"},\"datePublished\":\"2020-04-24T10:15:21+00:00\",\"dateModified\":\"2020-05-13T06:55:07+00:00\",\"breadcrumb\":{\"@id\":\"https:\/\/www.dittlmann.de\/dittlmann\/vita\/#breadcrumb\"},\"inLanguage\":\"de\",\"potentialAction\":[{\"@type\":\"ReadAction\",\"target\":[\"https:\/\/www.dittlmann.de\/dittlmann\/vita\/\"]}]},{\"@type\":\"BreadcrumbList\",\"@id\":\"https:\/\/www.dittlmann.de\/dittlmann\/vita\/#breadcrumb\",\"itemListElement\":[{\"@type\":\"ListItem\",\"position\":1,\"name\":\"Startseite\",\"item\":\"https:\/\/www.dittlmann.de\/dittlmann\/\"},{\"@type\":\"ListItem\",\"position\":2,\"name\":\"Vita\"}]},{\"@type\":\"WebSite\",\"@id\":\"https:\/\/www.dittlmann.de\/dittlmann\/#website\",\"url\":\"https:\/\/www.dittlmann.de\/dittlmann\/\",\"name\":\"Andreas Dittlmann\",\"description\":\"\",\"publisher\":{\"@id\":\"https:\/\/www.dittlmann.de\/dittlmann\/#organization\"},\"potentialAction\":[{\"@type\":\"SearchAction\",\"target\":{\"@type\":\"EntryPoint\",\"urlTemplate\":\"https:\/\/www.dittlmann.de\/dittlmann\/?s={search_term_string}\"},\"query-input\":{\"@type\":\"PropertyValueSpecification\",\"valueRequired\":true,\"valueName\":\"search_term_string\"}}],\"inLanguage\":\"de\"},{\"@type\":\"Organization\",\"@id\":\"https:\/\/www.dittlmann.de\/dittlmann\/#organization\",\"name\":\"Andreas Dittlmann\",\"url\":\"https:\/\/www.dittlmann.de\/dittlmann\/\",\"logo\":{\"@type\":\"ImageObject\",\"inLanguage\":\"de\",\"@id\":\"https:\/\/www.dittlmann.de\/dittlmann\/#\/schema\/logo\/image\/\",\"url\":\"https:\/\/www.dittlmann.de\/dittlmann\/wp-content\/uploads\/sites\/4\/2020\/05\/dittlmann_logo-1.jpg\",\"contentUrl\":\"https:\/\/www.dittlmann.de\/dittlmann\/wp-content\/uploads\/sites\/4\/2020\/05\/dittlmann_logo-1.jpg\",\"width\":260,\"height\":56,\"caption\":\"Andreas Dittlmann\"},\"image\":{\"@id\":\"https:\/\/www.dittlmann.de\/dittlmann\/#\/schema\/logo\/image\/\"}}]}<\/script>\n<!-- \/ Yoast SEO plugin. -->","yoast_head_json":{"title":"Vita - Andreas Dittlmann","robots":{"index":"index","follow":"follow","max-snippet":"max-snippet:-1","max-image-preview":"max-image-preview:large","max-video-preview":"max-video-preview:-1"},"canonical":"https:\/\/www.dittlmann.de\/dittlmann\/vita\/","og_locale":"de_DE","og_type":"article","og_title":"Vita - Andreas Dittlmann","og_description":"Mein Lebenslauf 02.05.1968: Geboren in Passau 1974-1978: Volksschule St. Nikola 1978-1987: Maristengymnasium F\u00fcrstenzell 1987: Abitur mit Leistungskursf\u00e4chern Mathematik und Alt-Griechisch 1987-1988: Lehre zum Kaufmann im Einzelhandel in M\u00fchldorf am Inn und Rothenburg\u00a0ob der Tauber 1988-1989: Ausbildung zum Handelsfachwirt in M\u00fcnchen 1989-2007: Gesch\u00e4ftsf\u00fchrer im elterlichen Betrieb \"Spiel + Freizeit Dittlmann GmbH\" 1990-1994: Stv. Vorsitzender des Einzelhandelverbandes [&hellip;]","og_url":"https:\/\/www.dittlmann.de\/dittlmann\/vita\/","og_site_name":"Andreas Dittlmann","article_modified_time":"2020-05-13T06:55:07+00:00","twitter_card":"summary_large_image","twitter_misc":{"Gesch\u00e4tzte Lesezeit":"1\u00a0Minute"},"schema":{"@context":"https:\/\/schema.org","@graph":[{"@type":"WebPage","@id":"https:\/\/www.dittlmann.de\/dittlmann\/vita\/","url":"https:\/\/www.dittlmann.de\/dittlmann\/vita\/","name":"Vita - Andreas Dittlmann","isPartOf":{"@id":"https:\/\/www.dittlmann.de\/dittlmann\/#website"},"datePublished":"2020-04-24T10:15:21+00:00","dateModified":"2020-05-13T06:55:07+00:00","breadcrumb":{"@id":"https:\/\/www.dittlmann.de\/dittlmann\/vita\/#breadcrumb"},"inLanguage":"de","potentialAction":[{"@type":"ReadAction","target":["https:\/\/www.dittlmann.de\/dittlmann\/vita\/"]}]},{"@type":"BreadcrumbList","@id":"https:\/\/www.dittlmann.de\/dittlmann\/vita\/#breadcrumb","itemListElement":[{"@type":"ListItem","position":1,"name":"Startseite","item":"https:\/\/www.dittlmann.de\/dittlmann\/"},{"@type":"ListItem","position":2,"name":"Vita"}]},{"@type":"WebSite","@id":"https:\/\/www.dittlmann.de\/dittlmann\/#website","url":"https:\/\/www.dittlmann.de\/dittlmann\/","name":"Andreas Dittlmann","description":"","publisher":{"@id":"https:\/\/www.dittlmann.de\/dittlmann\/#organization"},"potentialAction":[{"@type":"SearchAction","target":{"@type":"EntryPoint","urlTemplate":"https:\/\/www.dittlmann.de\/dittlmann\/?s={search_term_string}"},"query-input":{"@type":"PropertyValueSpecification","valueRequired":true,"valueName":"search_term_string"}}],"inLanguage":"de"},{"@type":"Organization","@id":"https:\/\/www.dittlmann.de\/dittlmann\/#organization","name":"Andreas Dittlmann","url":"https:\/\/www.dittlmann.de\/dittlmann\/","logo":{"@type":"ImageObject","inLanguage":"de","@id":"https:\/\/www.dittlmann.de\/dittlmann\/#\/schema\/logo\/image\/","url":"https:\/\/www.dittlmann.de\/dittlmann\/wp-content\/uploads\/sites\/4\/2020\/05\/dittlmann_logo-1.jpg","contentUrl":"https:\/\/www.dittlmann.de\/dittlmann\/wp-content\/uploads\/sites\/4\/2020\/05\/dittlmann_logo-1.jpg","width":260,"height":56,"caption":"Andreas Dittlmann"},"image":{"@id":"https:\/\/www.dittlmann.de\/dittlmann\/#\/schema\/logo\/image\/"}}]}},"_links":{"self":[{"href":"https:\/\/www.dittlmann.de\/dittlmann\/wp-json\/wp\/v2\/pages\/29","targetHints":{"allow":["GET"]}}],"collection":[{"href":"https:\/\/www.dittlmann.de\/dittlmann\/wp-json\/wp\/v2\/pages"}],"about":[{"href":"https:\/\/www.dittlmann.de\/dittlmann\/wp-json\/wp\/v2\/types\/page"}],"author":[{"embeddable":true,"href":"https:\/\/www.dittlmann.de\/dittlmann\/wp-json\/wp\/v2\/users\/1"}],"replies":[{"embeddable":true,"href":"https:\/\/www.dittlmann.de\/dittlmann\/wp-json\/wp\/v2\/comments?post=29"}],"version-history":[{"count":9,"href":"https:\/\/www.dittlmann.de\/dittlmann\/wp-json\/wp\/v2\/pages\/29\/revisions"}],"predecessor-version":[{"id":459,"href":"https:\/\/www.dittlmann.de\/dittlmann\/wp-json\/wp\/v2\/pages\/29\/revisions\/459"}],"wp:attachment":[{"href":"https:\/\/www.dittlmann.de\/dittlmann\/wp-json\/wp\/v2\/media?parent=29"}],"curies":[{"name":"wp","href":"https:\/\/api.w.org\/{rel}","templated":true}]}}