{"id":319,"date":"2020-05-11T14:10:20","date_gmt":"2020-05-11T12:10:20","guid":{"rendered":"http:\/\/localhost\/dittlmann\/?page_id=319"},"modified":"2020-05-13T08:13:58","modified_gmt":"2020-05-13T06:13:58","slug":"aktuelle-themen","status":"publish","type":"page","link":"https:\/\/www.dittlmann.de\/dittlmann\/politik\/aktuelle-themen\/","title":{"rendered":"Aktuelle Themen"},"content":{"rendered":"<div id=\"pl-319\"  class=\"panel-layout\" ><div id=\"pg-319-0\"  class=\"panel-grid panel-has-style\" ><div class=\"padded panel-row-style panel-row-style-for-319-0\" ><div id=\"pgc-319-0-0\"  class=\"panel-grid-cell\" ><div id=\"panel-319-0-0-0\" class=\"so-panel widget widget_sow-editor panel-first-child\" data-index=\"0\" ><div\n\t\t\t\n\t\t\tclass=\"so-widget-sow-editor so-widget-sow-editor-base\"\n\t\t\t\n\t\t>\n<div class=\"siteorigin-widget-tinymce textwidget\">\n\t<h1>Eingebrachte Ideen<\/h1>\n<p><strong>Folgende Antr\u00e4ge wurden im Stadtrat eingebracht:<\/strong><\/p>\n<ul class=\"check-list\">\n<li>Sicherheitsbericht f\u00fcr die Verkehrssituation im Bereich des Domplatzes w\u00e4hrend des Wochenmarktes<\/li>\n<li>Bessere Verkehrsanbindung f\u00fcr Stadtteil Kohlbruck<\/li>\n<li>Dynamisierung der Ampelanlagen: Verbesserung der \"Gr\u00fcnen Welle\"<\/li>\n<li>Kein Geh- und Radweg durch den Georgsberg<\/li>\n<li>Keine Verringerung der Fahrspuren in der Neuburgerstra\u00dfe<\/li>\n<li>Sperrzeitenregelung in Passau<\/li>\n<li>Facebook-Auftritt der Stadt Passau<\/li>\n<li>Anbindung des Passauer Bahnhofes an den ZOB<\/li>\n<li>\u00dcbertragung von Stadtratssitzungen live im Internet und abrufbar in einer \"Mediathek\"<\/li>\n<li>Einsparung der Kosten f\u00fcr neue Mehrfachturnhalle durch Finanzierung und\/oder Realisierung durch Partner aus der privaten Wirtschaft<\/li>\n<li>Erstellen eines Solarplanes (Ausweisung von zus\u00e4tzlichen Fl\u00e4chen f\u00fcr Photovoltaik-Anlagen)<\/li>\n<li>Einsparung bei Bauma\u00dfnahmen an \u00f6ffentlichen Bauten<\/li>\n<\/ul>\n<\/div>\n<\/div><\/div><div id=\"panel-319-0-0-1\" class=\"so-panel widget widget_sow-editor panel-last-child\" data-index=\"1\" ><div\n\t\t\t\n\t\t\tclass=\"so-widget-sow-editor so-widget-sow-editor-base\"\n\t\t\t\n\t\t>\n<div class=\"siteorigin-widget-tinymce textwidget\">\n\t<h2>Im Speziellen zum Oberhaus-Areal:<\/h2>\n<ul class=\"check-list\">\n<li>Gestaltungs- und Ideenwettbewerb<\/li>\n<li>Aufstiegshilfe zur Veste Oberhaus<\/li>\n<li>Verbesserung der Infrastruktur<\/li>\n<\/ul>\n<\/div>\n<\/div><\/div><\/div><\/div><\/div><\/div>","protected":false},"excerpt":{"rendered":"<p>Eingebrachte Ideen Folgende Antr\u00e4ge wurden im Stadtrat eingebracht: Sicherheitsbericht f\u00fcr die Verkehrssituation im Bereich des Domplatzes w\u00e4hrend des Wochenmarktes Bessere Verkehrsanbindung f\u00fcr Stadtteil Kohlbruck Dynamisierung der Ampelanlagen: Verbesserung der &#8222;Gr\u00fcnen Welle&#8220; Kein Geh- und Radweg durch den Georgsberg Keine Verringerung der Fahrspuren in der Neuburgerstra\u00dfe Sperrzeitenregelung in Passau Facebook-Auftritt der Stadt Passau Anbindung des Passauer [&hellip;]<\/p>\n","protected":false},"author":1,"featured_media":0,"parent":23,"menu_order":0,"comment_status":"closed","ping_status":"closed","template":"","meta":{"footnotes":""},"class_list":["post-319","page","type-page","status-publish","hentry"],"yoast_head":"<!-- This site is optimized with the Yoast SEO plugin v26.7 - https:\/\/yoast.com\/wordpress\/plugins\/seo\/ -->\n<title>Aktuelle Themen - Andreas Dittlmann<\/title>\n<meta name=\"robots\" content=\"index, follow, max-snippet:-1, max-image-preview:large, max-video-preview:-1\" \/>\n<link rel=\"canonical\" href=\"https:\/\/www.dittlmann.de\/dittlmann\/politik\/aktuelle-themen\/\" \/>\n<meta property=\"og:locale\" content=\"de_DE\" \/>\n<meta property=\"og:type\" content=\"article\" \/>\n<meta property=\"og:title\" content=\"Aktuelle Themen - Andreas Dittlmann\" \/>\n<meta property=\"og:description\" content=\"Eingebrachte Ideen Folgende Antr\u00e4ge wurden im Stadtrat eingebracht: Sicherheitsbericht f\u00fcr die Verkehrssituation im Bereich des Domplatzes w\u00e4hrend des Wochenmarktes Bessere Verkehrsanbindung f\u00fcr Stadtteil Kohlbruck Dynamisierung der Ampelanlagen: Verbesserung der &quot;Gr\u00fcnen Welle&quot; Kein Geh- und Radweg durch den Georgsberg Keine Verringerung der Fahrspuren in der Neuburgerstra\u00dfe Sperrzeitenregelung in Passau Facebook-Auftritt der Stadt Passau Anbindung des Passauer [&hellip;]\" \/>\n<meta property=\"og:url\" content=\"https:\/\/www.dittlmann.de\/dittlmann\/politik\/aktuelle-themen\/\" \/>\n<meta property=\"og:site_name\" content=\"Andreas Dittlmann\" \/>\n<meta property=\"article:modified_time\" content=\"2020-05-13T06:13:58+00:00\" \/>\n<meta name=\"twitter:card\" content=\"summary_large_image\" \/>\n<meta name=\"twitter:label1\" content=\"Gesch\u00e4tzte Lesezeit\" \/>\n\t<meta name=\"twitter:data1\" content=\"1\u00a0Minute\" \/>\n<script type=\"application\/ld+json\" class=\"yoast-schema-graph\">{\"@context\":\"https:\/\/schema.org\",\"@graph\":[{\"@type\":\"WebPage\",\"@id\":\"https:\/\/www.dittlmann.de\/dittlmann\/politik\/aktuelle-themen\/\",\"url\":\"https:\/\/www.dittlmann.de\/dittlmann\/politik\/aktuelle-themen\/\",\"name\":\"Aktuelle Themen - Andreas Dittlmann\",\"isPartOf\":{\"@id\":\"https:\/\/www.dittlmann.de\/dittlmann\/#website\"},\"datePublished\":\"2020-05-11T12:10:20+00:00\",\"dateModified\":\"2020-05-13T06:13:58+00:00\",\"breadcrumb\":{\"@id\":\"https:\/\/www.dittlmann.de\/dittlmann\/politik\/aktuelle-themen\/#breadcrumb\"},\"inLanguage\":\"de\",\"potentialAction\":[{\"@type\":\"ReadAction\",\"target\":[\"https:\/\/www.dittlmann.de\/dittlmann\/politik\/aktuelle-themen\/\"]}]},{\"@type\":\"BreadcrumbList\",\"@id\":\"https:\/\/www.dittlmann.de\/dittlmann\/politik\/aktuelle-themen\/#breadcrumb\",\"itemListElement\":[{\"@type\":\"ListItem\",\"position\":1,\"name\":\"Startseite\",\"item\":\"https:\/\/www.dittlmann.de\/dittlmann\/\"},{\"@type\":\"ListItem\",\"position\":2,\"name\":\"Politik\",\"item\":\"https:\/\/www.dittlmann.de\/dittlmann\/politik\/\"},{\"@type\":\"ListItem\",\"position\":3,\"name\":\"Aktuelle Themen\"}]},{\"@type\":\"WebSite\",\"@id\":\"https:\/\/www.dittlmann.de\/dittlmann\/#website\",\"url\":\"https:\/\/www.dittlmann.de\/dittlmann\/\",\"name\":\"Andreas Dittlmann\",\"description\":\"\",\"publisher\":{\"@id\":\"https:\/\/www.dittlmann.de\/dittlmann\/#organization\"},\"potentialAction\":[{\"@type\":\"SearchAction\",\"target\":{\"@type\":\"EntryPoint\",\"urlTemplate\":\"https:\/\/www.dittlmann.de\/dittlmann\/?s={search_term_string}\"},\"query-input\":{\"@type\":\"PropertyValueSpecification\",\"valueRequired\":true,\"valueName\":\"search_term_string\"}}],\"inLanguage\":\"de\"},{\"@type\":\"Organization\",\"@id\":\"https:\/\/www.dittlmann.de\/dittlmann\/#organization\",\"name\":\"Andreas Dittlmann\",\"url\":\"https:\/\/www.dittlmann.de\/dittlmann\/\",\"logo\":{\"@type\":\"ImageObject\",\"inLanguage\":\"de\",\"@id\":\"https:\/\/www.dittlmann.de\/dittlmann\/#\/schema\/logo\/image\/\",\"url\":\"https:\/\/www.dittlmann.de\/dittlmann\/wp-content\/uploads\/sites\/4\/2020\/05\/dittlmann_logo-1.jpg\",\"contentUrl\":\"https:\/\/www.dittlmann.de\/dittlmann\/wp-content\/uploads\/sites\/4\/2020\/05\/dittlmann_logo-1.jpg\",\"width\":260,\"height\":56,\"caption\":\"Andreas Dittlmann\"},\"image\":{\"@id\":\"https:\/\/www.dittlmann.de\/dittlmann\/#\/schema\/logo\/image\/\"}}]}<\/script>\n<!-- \/ Yoast SEO plugin. -->","yoast_head_json":{"title":"Aktuelle Themen - Andreas Dittlmann","robots":{"index":"index","follow":"follow","max-snippet":"max-snippet:-1","max-image-preview":"max-image-preview:large","max-video-preview":"max-video-preview:-1"},"canonical":"https:\/\/www.dittlmann.de\/dittlmann\/politik\/aktuelle-themen\/","og_locale":"de_DE","og_type":"article","og_title":"Aktuelle Themen - Andreas Dittlmann","og_description":"Eingebrachte Ideen Folgende Antr\u00e4ge wurden im Stadtrat eingebracht: Sicherheitsbericht f\u00fcr die Verkehrssituation im Bereich des Domplatzes w\u00e4hrend des Wochenmarktes Bessere Verkehrsanbindung f\u00fcr Stadtteil Kohlbruck Dynamisierung der Ampelanlagen: Verbesserung der \"Gr\u00fcnen Welle\" Kein Geh- und Radweg durch den Georgsberg Keine Verringerung der Fahrspuren in der Neuburgerstra\u00dfe Sperrzeitenregelung in Passau Facebook-Auftritt der Stadt Passau Anbindung des Passauer [&hellip;]","og_url":"https:\/\/www.dittlmann.de\/dittlmann\/politik\/aktuelle-themen\/","og_site_name":"Andreas Dittlmann","article_modified_time":"2020-05-13T06:13:58+00:00","twitter_card":"summary_large_image","twitter_misc":{"Gesch\u00e4tzte Lesezeit":"1\u00a0Minute"},"schema":{"@context":"https:\/\/schema.org","@graph":[{"@type":"WebPage","@id":"https:\/\/www.dittlmann.de\/dittlmann\/politik\/aktuelle-themen\/","url":"https:\/\/www.dittlmann.de\/dittlmann\/politik\/aktuelle-themen\/","name":"Aktuelle Themen - Andreas Dittlmann","isPartOf":{"@id":"https:\/\/www.dittlmann.de\/dittlmann\/#website"},"datePublished":"2020-05-11T12:10:20+00:00","dateModified":"2020-05-13T06:13:58+00:00","breadcrumb":{"@id":"https:\/\/www.dittlmann.de\/dittlmann\/politik\/aktuelle-themen\/#breadcrumb"},"inLanguage":"de","potentialAction":[{"@type":"ReadAction","target":["https:\/\/www.dittlmann.de\/dittlmann\/politik\/aktuelle-themen\/"]}]},{"@type":"BreadcrumbList","@id":"https:\/\/www.dittlmann.de\/dittlmann\/politik\/aktuelle-themen\/#breadcrumb","itemListElement":[{"@type":"ListItem","position":1,"name":"Startseite","item":"https:\/\/www.dittlmann.de\/dittlmann\/"},{"@type":"ListItem","position":2,"name":"Politik","item":"https:\/\/www.dittlmann.de\/dittlmann\/politik\/"},{"@type":"ListItem","position":3,"name":"Aktuelle Themen"}]},{"@type":"WebSite","@id":"https:\/\/www.dittlmann.de\/dittlmann\/#website","url":"https:\/\/www.dittlmann.de\/dittlmann\/","name":"Andreas Dittlmann","description":"","publisher":{"@id":"https:\/\/www.dittlmann.de\/dittlmann\/#organization"},"potentialAction":[{"@type":"SearchAction","target":{"@type":"EntryPoint","urlTemplate":"https:\/\/www.dittlmann.de\/dittlmann\/?s={search_term_string}"},"query-input":{"@type":"PropertyValueSpecification","valueRequired":true,"valueName":"search_term_string"}}],"inLanguage":"de"},{"@type":"Organization","@id":"https:\/\/www.dittlmann.de\/dittlmann\/#organization","name":"Andreas Dittlmann","url":"https:\/\/www.dittlmann.de\/dittlmann\/","logo":{"@type":"ImageObject","inLanguage":"de","@id":"https:\/\/www.dittlmann.de\/dittlmann\/#\/schema\/logo\/image\/","url":"https:\/\/www.dittlmann.de\/dittlmann\/wp-content\/uploads\/sites\/4\/2020\/05\/dittlmann_logo-1.jpg","contentUrl":"https:\/\/www.dittlmann.de\/dittlmann\/wp-content\/uploads\/sites\/4\/2020\/05\/dittlmann_logo-1.jpg","width":260,"height":56,"caption":"Andreas Dittlmann"},"image":{"@id":"https:\/\/www.dittlmann.de\/dittlmann\/#\/schema\/logo\/image\/"}}]}},"_links":{"self":[{"href":"https:\/\/www.dittlmann.de\/dittlmann\/wp-json\/wp\/v2\/pages\/319","targetHints":{"allow":["GET"]}}],"collection":[{"href":"https:\/\/www.dittlmann.de\/dittlmann\/wp-json\/wp\/v2\/pages"}],"about":[{"href":"https:\/\/www.dittlmann.de\/dittlmann\/wp-json\/wp\/v2\/types\/page"}],"author":[{"embeddable":true,"href":"https:\/\/www.dittlmann.de\/dittlmann\/wp-json\/wp\/v2\/users\/1"}],"replies":[{"embeddable":true,"href":"https:\/\/www.dittlmann.de\/dittlmann\/wp-json\/wp\/v2\/comments?post=319"}],"version-history":[{"count":7,"href":"https:\/\/www.dittlmann.de\/dittlmann\/wp-json\/wp\/v2\/pages\/319\/revisions"}],"predecessor-version":[{"id":420,"href":"https:\/\/www.dittlmann.de\/dittlmann\/wp-json\/wp\/v2\/pages\/319\/revisions\/420"}],"up":[{"embeddable":true,"href":"https:\/\/www.dittlmann.de\/dittlmann\/wp-json\/wp\/v2\/pages\/23"}],"wp:attachment":[{"href":"https:\/\/www.dittlmann.de\/dittlmann\/wp-json\/wp\/v2\/media?parent=319"}],"curies":[{"name":"wp","href":"https:\/\/api.w.org\/{rel}","templated":true}]}}