{"id":31,"date":"2020-04-24T12:15:37","date_gmt":"2020-04-24T10:15:37","guid":{"rendered":"http:\/\/localhost\/fachbuero\/?page_id=31"},"modified":"2024-07-17T09:57:00","modified_gmt":"2024-07-17T07:57:00","slug":"impressum","status":"publish","type":"page","link":"https:\/\/www.dittlmann.de\/fachbuero\/impressum\/","title":{"rendered":"Impressum"},"content":{"rendered":"<div id=\"pl-31\"  class=\"panel-layout\" ><div id=\"pg-31-0\"  class=\"panel-grid panel-has-style\" ><div class=\"padded panel-row-style panel-row-style-for-31-0\" ><div id=\"pgc-31-0-0\"  class=\"panel-grid-cell\" ><div id=\"panel-31-0-0-0\" class=\"so-panel widget widget_sow-editor panel-first-child panel-last-child\" data-index=\"0\" ><div\n\t\t\t\n\t\t\tclass=\"so-widget-sow-editor so-widget-sow-editor-base\"\n\t\t\t\n\t\t>\n<div class=\"siteorigin-widget-tinymce textwidget\">\n\t<p><strong>Angaben gem\u00e4\u00df \u00a7 5 DDG:<\/strong><\/p>\n<p>Fachb\u00fcro Andreas Dittlmann<br \/>\nToblacher Stra\u00dfe 6<br \/>\n94036 Passau<\/p>\n<p><strong>Vertreten durch:<\/strong><\/p>\n<p>Andreas Dittlmann<\/p>\n<p><strong>Kontakt:<\/strong><\/p>\n<p>Telefon: +49 851 20 95 91 34<br \/>\nTelefax: +49 851 209 64 35<br \/>\nE-Mail: <a href=\"mailto:info@dittlmann.de\">info@dittlmann.de<\/a><\/p>\n<p><strong>Umsatzsteuer-ID \/ Steuernummer:<\/strong><\/p>\n<p>Umsatzsteuer-Identifikationsnummer gem\u00e4\u00df \u00a727 a Umsatzsteuergesetz:<br \/>\nDE190472576<\/p>\n<p>Steuernummer:<br \/>\n153\/211\/71459<\/p>\n<p><strong>Aufsichtsbeh\u00f6rde:<\/strong><\/p>\n<p>Stadt Passau<\/p>\n<p><strong>Hinweis auf Streitschlichtung<\/strong><\/p>\n<p>Wir nehmen an Streitbeilegungsverfahren bei der zust\u00e4ndigen Verbraucherschlichtungsstelle:<br \/>\nAllgemeine Verbraucherschlichtungsstelle des Zentrums f\u00fcr Schlichtung e.V., Stra\u00dfburger Stra\u00dfe 8, 77694 Kehl,\u00a0<a href=\"http:\/\/www.verbraucher-schlichter.de\/\">http:\/\/www.verbraucher-schlichter.de<\/a><br \/>\nteil.<\/p>\n<p><strong>Hinweis auf EU-Streitschlichtung<\/strong><\/p>\n<p>Die Europ\u00e4ische Kommission stellt eine Plattform zur Online-Streitbeilegung (OS) bereit:\u00a0<a href=\"http:\/\/ec.europa.eu\/consumers\/odr\">http:\/\/ec.europa.eu\/consumers\/odr<\/a><br \/>\nUnsere E-Mail-Adresse finden sie oben im Impressum.<\/p>\n<\/div>\n<\/div><\/div><\/div><div id=\"pgc-31-0-1\"  class=\"panel-grid-cell\" ><div id=\"panel-31-0-1-0\" class=\"so-panel widget widget_sow-editor panel-first-child panel-last-child\" data-index=\"1\" ><div\n\t\t\t\n\t\t\tclass=\"so-widget-sow-editor so-widget-sow-editor-base\"\n\t\t\t\n\t\t>\n<div class=\"siteorigin-widget-tinymce textwidget\">\n\t<p><strong>Konzept, Design, Programmierung<br \/>\n<\/strong><a title=\"Passau Webdesign\" href=\"https:\/\/www.jerschabek-gmbh.de\/\" target=\"_blank\" rel=\"noopener noreferrer\">Jerschabek GmbH - Digitale Business L\u00f6sungen<\/a><br \/>\nHermann-von-Moreau-Str. 6<br \/>\n94036 Passau<\/p>\n<p>Telefon: +49 851 \/ 966 81 00<br \/>\nMobil: +49 170 \/ 484 7 535<br \/>\nE-Mail:\u00a0<a href=\"mailto:info@jerschabek-gmbh.de\">info@jerschabek-gmbh.de<\/a><br \/>\nWeb:\u00a0<a href=\"https:\/\/www.jerschabek-gmbh.de\/\" target=\"_blank\" rel=\"noopener noreferrer\">www.jerschabek-gmbh.de<\/a><\/p>\n<\/div>\n<\/div><\/div><\/div><\/div><\/div><\/div>","protected":false},"excerpt":{"rendered":"<p>Angaben gem\u00e4\u00df \u00a7 5 DDG: Fachb\u00fcro Andreas Dittlmann Toblacher Stra\u00dfe 6 94036 Passau Vertreten durch: Andreas Dittlmann Kontakt: Telefon: +49 851 20 95 91 34 Telefax: +49 851 209 64 35 E-Mail: info@dittlmann.de Umsatzsteuer-ID \/ Steuernummer: Umsatzsteuer-Identifikationsnummer gem\u00e4\u00df \u00a727 a Umsatzsteuergesetz: DE190472576 Steuernummer: 153\/211\/71459 Aufsichtsbeh\u00f6rde: Stadt Passau Hinweis auf Streitschlichtung Wir nehmen an Streitbeilegungsverfahren bei [&hellip;]<\/p>\n","protected":false},"author":1,"featured_media":0,"parent":0,"menu_order":0,"comment_status":"closed","ping_status":"closed","template":"","meta":{"footnotes":""},"class_list":["post-31","page","type-page","status-publish","hentry"],"yoast_head":"<!-- This site is optimized with the Yoast SEO plugin v26.7 - https:\/\/yoast.com\/wordpress\/plugins\/seo\/ -->\n<title>Impressum - Dittlmann Fachb\u00fcro<\/title>\n<meta name=\"robots\" content=\"index, follow, max-snippet:-1, max-image-preview:large, max-video-preview:-1\" \/>\n<link rel=\"canonical\" href=\"https:\/\/www.dittlmann.de\/fachbuero\/impressum\/\" \/>\n<meta property=\"og:locale\" content=\"de_DE\" \/>\n<meta property=\"og:type\" content=\"article\" \/>\n<meta property=\"og:title\" content=\"Impressum - Dittlmann Fachb\u00fcro\" \/>\n<meta property=\"og:description\" content=\"Angaben gem\u00e4\u00df \u00a7 5 DDG: Fachb\u00fcro Andreas Dittlmann Toblacher Stra\u00dfe 6 94036 Passau Vertreten durch: Andreas Dittlmann Kontakt: Telefon: +49 851 20 95 91 34 Telefax: +49 851 209 64 35 E-Mail: info@dittlmann.de Umsatzsteuer-ID \/ Steuernummer: Umsatzsteuer-Identifikationsnummer gem\u00e4\u00df \u00a727 a Umsatzsteuergesetz: DE190472576 Steuernummer: 153\/211\/71459 Aufsichtsbeh\u00f6rde: Stadt Passau Hinweis auf Streitschlichtung Wir nehmen an Streitbeilegungsverfahren bei [&hellip;]\" \/>\n<meta property=\"og:url\" content=\"https:\/\/www.dittlmann.de\/fachbuero\/impressum\/\" \/>\n<meta property=\"og:site_name\" content=\"Dittlmann Fachb\u00fcro\" \/>\n<meta property=\"article:modified_time\" content=\"2024-07-17T07:57:00+00:00\" \/>\n<meta name=\"twitter:card\" content=\"summary_large_image\" \/>\n<meta name=\"twitter:label1\" content=\"Gesch\u00e4tzte Lesezeit\" \/>\n\t<meta name=\"twitter:data1\" content=\"1\u00a0Minute\" \/>\n<script type=\"application\/ld+json\" class=\"yoast-schema-graph\">{\"@context\":\"https:\/\/schema.org\",\"@graph\":[{\"@type\":\"WebPage\",\"@id\":\"https:\/\/www.dittlmann.de\/fachbuero\/impressum\/\",\"url\":\"https:\/\/www.dittlmann.de\/fachbuero\/impressum\/\",\"name\":\"Impressum - Dittlmann Fachb\u00fcro\",\"isPartOf\":{\"@id\":\"https:\/\/www.dittlmann.de\/fachbuero\/#website\"},\"datePublished\":\"2020-04-24T10:15:37+00:00\",\"dateModified\":\"2024-07-17T07:57:00+00:00\",\"breadcrumb\":{\"@id\":\"https:\/\/www.dittlmann.de\/fachbuero\/impressum\/#breadcrumb\"},\"inLanguage\":\"de\",\"potentialAction\":[{\"@type\":\"ReadAction\",\"target\":[\"https:\/\/www.dittlmann.de\/fachbuero\/impressum\/\"]}]},{\"@type\":\"BreadcrumbList\",\"@id\":\"https:\/\/www.dittlmann.de\/fachbuero\/impressum\/#breadcrumb\",\"itemListElement\":[{\"@type\":\"ListItem\",\"position\":1,\"name\":\"Startseite\",\"item\":\"https:\/\/www.dittlmann.de\/fachbuero\/\"},{\"@type\":\"ListItem\",\"position\":2,\"name\":\"Impressum\"}]},{\"@type\":\"WebSite\",\"@id\":\"https:\/\/www.dittlmann.de\/fachbuero\/#website\",\"url\":\"https:\/\/www.dittlmann.de\/fachbuero\/\",\"name\":\"Andreas Dittlmann - Fachb\u00fcro f\u00fcr Bedarfsplanungen im Feuerwehrwesen\",\"description\":\"\",\"publisher\":{\"@id\":\"https:\/\/www.dittlmann.de\/fachbuero\/#organization\"},\"potentialAction\":[{\"@type\":\"SearchAction\",\"target\":{\"@type\":\"EntryPoint\",\"urlTemplate\":\"https:\/\/www.dittlmann.de\/fachbuero\/?s={search_term_string}\"},\"query-input\":{\"@type\":\"PropertyValueSpecification\",\"valueRequired\":true,\"valueName\":\"search_term_string\"}}],\"inLanguage\":\"de\"},{\"@type\":\"Organization\",\"@id\":\"https:\/\/www.dittlmann.de\/fachbuero\/#organization\",\"name\":\"Andreas Dittlmann - Fachb\u00fcro f\u00fcr Bedarfsplanungen im Feuerwehrwesen\",\"url\":\"https:\/\/www.dittlmann.de\/fachbuero\/\",\"logo\":{\"@type\":\"ImageObject\",\"inLanguage\":\"de\",\"@id\":\"https:\/\/www.dittlmann.de\/fachbuero\/#\/schema\/logo\/image\/\",\"url\":\"https:\/\/www.dittlmann.de\/fachbuero\/wp-content\/uploads\/sites\/3\/2020\/05\/dittlmann_logo.jpg\",\"contentUrl\":\"https:\/\/www.dittlmann.de\/fachbuero\/wp-content\/uploads\/sites\/3\/2020\/05\/dittlmann_logo.jpg\",\"width\":260,\"height\":56,\"caption\":\"Andreas Dittlmann - Fachb\u00fcro f\u00fcr Bedarfsplanungen im Feuerwehrwesen\"},\"image\":{\"@id\":\"https:\/\/www.dittlmann.de\/fachbuero\/#\/schema\/logo\/image\/\"}}]}<\/script>\n<!-- \/ Yoast SEO plugin. -->","yoast_head_json":{"title":"Impressum - Dittlmann Fachb\u00fcro","robots":{"index":"index","follow":"follow","max-snippet":"max-snippet:-1","max-image-preview":"max-image-preview:large","max-video-preview":"max-video-preview:-1"},"canonical":"https:\/\/www.dittlmann.de\/fachbuero\/impressum\/","og_locale":"de_DE","og_type":"article","og_title":"Impressum - Dittlmann Fachb\u00fcro","og_description":"Angaben gem\u00e4\u00df \u00a7 5 DDG: Fachb\u00fcro Andreas Dittlmann Toblacher Stra\u00dfe 6 94036 Passau Vertreten durch: Andreas Dittlmann Kontakt: Telefon: +49 851 20 95 91 34 Telefax: +49 851 209 64 35 E-Mail: info@dittlmann.de Umsatzsteuer-ID \/ Steuernummer: Umsatzsteuer-Identifikationsnummer gem\u00e4\u00df \u00a727 a Umsatzsteuergesetz: DE190472576 Steuernummer: 153\/211\/71459 Aufsichtsbeh\u00f6rde: Stadt Passau Hinweis auf Streitschlichtung Wir nehmen an Streitbeilegungsverfahren bei [&hellip;]","og_url":"https:\/\/www.dittlmann.de\/fachbuero\/impressum\/","og_site_name":"Dittlmann Fachb\u00fcro","article_modified_time":"2024-07-17T07:57:00+00:00","twitter_card":"summary_large_image","twitter_misc":{"Gesch\u00e4tzte Lesezeit":"1\u00a0Minute"},"schema":{"@context":"https:\/\/schema.org","@graph":[{"@type":"WebPage","@id":"https:\/\/www.dittlmann.de\/fachbuero\/impressum\/","url":"https:\/\/www.dittlmann.de\/fachbuero\/impressum\/","name":"Impressum - Dittlmann Fachb\u00fcro","isPartOf":{"@id":"https:\/\/www.dittlmann.de\/fachbuero\/#website"},"datePublished":"2020-04-24T10:15:37+00:00","dateModified":"2024-07-17T07:57:00+00:00","breadcrumb":{"@id":"https:\/\/www.dittlmann.de\/fachbuero\/impressum\/#breadcrumb"},"inLanguage":"de","potentialAction":[{"@type":"ReadAction","target":["https:\/\/www.dittlmann.de\/fachbuero\/impressum\/"]}]},{"@type":"BreadcrumbList","@id":"https:\/\/www.dittlmann.de\/fachbuero\/impressum\/#breadcrumb","itemListElement":[{"@type":"ListItem","position":1,"name":"Startseite","item":"https:\/\/www.dittlmann.de\/fachbuero\/"},{"@type":"ListItem","position":2,"name":"Impressum"}]},{"@type":"WebSite","@id":"https:\/\/www.dittlmann.de\/fachbuero\/#website","url":"https:\/\/www.dittlmann.de\/fachbuero\/","name":"Andreas Dittlmann - Fachb\u00fcro f\u00fcr Bedarfsplanungen im Feuerwehrwesen","description":"","publisher":{"@id":"https:\/\/www.dittlmann.de\/fachbuero\/#organization"},"potentialAction":[{"@type":"SearchAction","target":{"@type":"EntryPoint","urlTemplate":"https:\/\/www.dittlmann.de\/fachbuero\/?s={search_term_string}"},"query-input":{"@type":"PropertyValueSpecification","valueRequired":true,"valueName":"search_term_string"}}],"inLanguage":"de"},{"@type":"Organization","@id":"https:\/\/www.dittlmann.de\/fachbuero\/#organization","name":"Andreas Dittlmann - Fachb\u00fcro f\u00fcr Bedarfsplanungen im Feuerwehrwesen","url":"https:\/\/www.dittlmann.de\/fachbuero\/","logo":{"@type":"ImageObject","inLanguage":"de","@id":"https:\/\/www.dittlmann.de\/fachbuero\/#\/schema\/logo\/image\/","url":"https:\/\/www.dittlmann.de\/fachbuero\/wp-content\/uploads\/sites\/3\/2020\/05\/dittlmann_logo.jpg","contentUrl":"https:\/\/www.dittlmann.de\/fachbuero\/wp-content\/uploads\/sites\/3\/2020\/05\/dittlmann_logo.jpg","width":260,"height":56,"caption":"Andreas Dittlmann - Fachb\u00fcro f\u00fcr Bedarfsplanungen im Feuerwehrwesen"},"image":{"@id":"https:\/\/www.dittlmann.de\/fachbuero\/#\/schema\/logo\/image\/"}}]}},"_links":{"self":[{"href":"https:\/\/www.dittlmann.de\/fachbuero\/wp-json\/wp\/v2\/pages\/31","targetHints":{"allow":["GET"]}}],"collection":[{"href":"https:\/\/www.dittlmann.de\/fachbuero\/wp-json\/wp\/v2\/pages"}],"about":[{"href":"https:\/\/www.dittlmann.de\/fachbuero\/wp-json\/wp\/v2\/types\/page"}],"author":[{"embeddable":true,"href":"https:\/\/www.dittlmann.de\/fachbuero\/wp-json\/wp\/v2\/users\/1"}],"replies":[{"embeddable":true,"href":"https:\/\/www.dittlmann.de\/fachbuero\/wp-json\/wp\/v2\/comments?post=31"}],"version-history":[{"count":19,"href":"https:\/\/www.dittlmann.de\/fachbuero\/wp-json\/wp\/v2\/pages\/31\/revisions"}],"predecessor-version":[{"id":7339,"href":"https:\/\/www.dittlmann.de\/fachbuero\/wp-json\/wp\/v2\/pages\/31\/revisions\/7339"}],"wp:attachment":[{"href":"https:\/\/www.dittlmann.de\/fachbuero\/wp-json\/wp\/v2\/media?parent=31"}],"curies":[{"name":"wp","href":"https:\/\/api.w.org\/{rel}","templated":true}]}}