{"id":4529,"date":"2021-07-07T18:10:23","date_gmt":"2021-07-07T16:10:23","guid":{"rendered":"https:\/\/www.dittlmann.de\/fachbuero\/?page_id=4529"},"modified":"2022-09-19T16:19:53","modified_gmt":"2022-09-19T14:19:53","slug":"jobs","status":"publish","type":"page","link":"https:\/\/www.dittlmann.de\/fachbuero\/jobs\/","title":{"rendered":"Jobs"},"content":{"rendered":"<div id=\"pl-4529\"  class=\"panel-layout\" ><div id=\"pg-4529-0\"  class=\"panel-grid panel-has-style\" ><div class=\"padded panel-row-style panel-row-style-for-4529-0\" ><div id=\"pgc-4529-0-0\"  class=\"panel-grid-cell\" ><div id=\"panel-4529-0-0-0\" class=\"so-panel widget widget_sow-editor panel-first-child panel-last-child\" data-index=\"0\" ><div class=\"panel-widget-style panel-widget-style-for-4529-0-0-0\" ><div\n\t\t\t\n\t\t\tclass=\"so-widget-sow-editor so-widget-sow-editor-base\"\n\t\t\t\n\t\t>\n<div class=\"siteorigin-widget-tinymce textwidget\">\n\t<h2>Aktuelle Stellenausschreibungen<\/h2>\n<p>Wir sind eines der f\u00fchrenden Fachb\u00fcros f\u00fcr Ausschreibungen von Feuerwehrfahrzeugen und Erstellen von Feuerwehrbedarfspl\u00e4nen in Bayern.<\/p>\n<h2>Derzeit gibt es keine offenen Stellenausschreibungen<\/h2>\n<p>Bitte haben Sie Verst\u00e4ndnis daf\u00fcr, dass wir etwaige Ihnen mit der Bewerbung oder Wahrnehmung von Vorstellungsgespr\u00e4chen in unserem Hause verbundenen Kosten nicht \u00fcbernehmen k\u00f6nnen.<\/p>\n<\/div>\n<\/div><\/div><\/div><\/div><div id=\"pgc-4529-0-1\"  class=\"panel-grid-cell\" ><div id=\"panel-4529-0-1-0\" class=\"so-panel widget widget_sow-editor panel-first-child panel-last-child\" data-index=\"1\" ><div\n\t\t\t\n\t\t\tclass=\"so-widget-sow-editor so-widget-sow-editor-base\"\n\t\t\t\n\t\t>\n<div class=\"siteorigin-widget-tinymce textwidget\">\n\t<p><img loading=\"lazy\" decoding=\"async\" class=\"alignnone  wp-image-4547\" src=\"https:\/\/www.dittlmann.de\/fachbuero\/wp-content\/uploads\/sites\/3\/2021\/07\/Stellenanzeige_Image2-300x200.jpg\" alt=\"\" width=\"605\" height=\"403\" srcset=\"https:\/\/www.dittlmann.de\/fachbuero\/wp-content\/uploads\/sites\/3\/2021\/07\/Stellenanzeige_Image2-300x200.jpg 300w, https:\/\/www.dittlmann.de\/fachbuero\/wp-content\/uploads\/sites\/3\/2021\/07\/Stellenanzeige_Image2-1024x683.jpg 1024w, https:\/\/www.dittlmann.de\/fachbuero\/wp-content\/uploads\/sites\/3\/2021\/07\/Stellenanzeige_Image2-768x512.jpg 768w, https:\/\/www.dittlmann.de\/fachbuero\/wp-content\/uploads\/sites\/3\/2021\/07\/Stellenanzeige_Image2-1536x1024.jpg 1536w, https:\/\/www.dittlmann.de\/fachbuero\/wp-content\/uploads\/sites\/3\/2021\/07\/Stellenanzeige_Image2-2048x1365.jpg 2048w\" sizes=\"auto, (max-width: 605px) 100vw, 605px\" \/><\/p>\n<\/div>\n<\/div><\/div><\/div><\/div><\/div><div id=\"pg-4529-1\"  class=\"panel-grid panel-has-style\" ><div class=\"padded inverted streched panel-row-style panel-row-style-for-4529-1\" ><div id=\"pgc-4529-1-0\"  class=\"panel-grid-cell panel-grid-cell-mobile-last\" ><div id=\"panel-4529-1-0-0\" class=\"so-panel widget widget_sow-editor panel-first-child panel-last-child\" data-index=\"2\" ><div\n\t\t\t\n\t\t\tclass=\"so-widget-sow-editor so-widget-sow-editor-base\"\n\t\t\t\n\t\t>\n<div class=\"siteorigin-widget-tinymce textwidget\">\n\t<p><a href=\"https:\/\/www.dittlmann.de\/fachbuero\/wp-content\/uploads\/sites\/3\/2021\/07\/datenschutzhinweise-bewerbungsverfahren-dsgvo.pdf\">Datenschutzhinweise im Zusammenhang mit dem Bewerbungsverfahren<\/a><\/p>\n<\/div>\n<\/div><\/div><\/div><div id=\"pgc-4529-1-1\"  class=\"panel-grid-cell panel-grid-cell-empty\" ><\/div><\/div><\/div><div id=\"pg-4529-2\"  class=\"panel-grid panel-has-style\" ><div class=\"padded panel-row-style panel-row-style-for-4529-2\" ><div id=\"pgc-4529-2-0\"  class=\"panel-grid-cell\" ><div id=\"panel-4529-2-0-0\" class=\"so-panel widget widget_sow-editor panel-first-child\" data-index=\"3\" ><div\n\t\t\t\n\t\t\tclass=\"so-widget-sow-editor so-widget-sow-editor-base\"\n\t\t\t\n\t\t>\n<div class=\"siteorigin-widget-tinymce textwidget\">\n\t<p>Sie interessieren sich f\u00fcr unsere Leistungen?<\/p>\n<h2>Nehmen Sie Kontakt auf.<\/h2>\n<\/div>\n<\/div><\/div><div id=\"panel-4529-2-0-1\" class=\"widget_text so-panel widget widget_custom_html\" data-index=\"4\" ><div class=\"textwidget custom-html-widget\"><a href=\"\/fachbuero\/kontakt\/\" class=\"btn\">Zum Kontaktformular<\/a><\/div><\/div><div id=\"panel-4529-2-0-2\" class=\"widget_text so-panel widget widget_custom_html\" data-index=\"5\" ><div class=\"textwidget custom-html-widget\"><p><b>Andreas Dittlmann<br>\n<\/b><b>Fachb\u00fcro f\u00fcr Bedarfsplanungen und Ausschreibungen<\/b><\/p>\n<p>Toblacher Stra\u00dfe 6<br>\n94036 Passau<\/p>\n<p><span class=\"lnr lnr-phone-handset\"><\/span> +49 851 20 95 91 34<\/p>\n<p><span class=\"lnr lnr-phone-handset\"><\/span> +49 171 67 48 212<\/p>\n<p><span class=\"lnr lnr-envelope\"><\/span> <a href=\"mailto:info@dittlmann.de\">info@dittlmann.de<\/a><\/p><\/div><\/div><div id=\"panel-4529-2-0-3\" class=\"widget_text so-panel widget widget_custom_html panel-last-child\" data-index=\"6\" ><div class=\"widget_text dots-row panel-widget-style panel-widget-style-for-4529-2-0-3\" ><div class=\"textwidget custom-html-widget\"><div class=\"dots\" id=\"dots2\">\n\t<svg width=\"244px\" height=\"245px\" viewBox=\"0 0 244 245\" version=\"1.1\" xmlns=\"http:\/\/www.w3.org\/2000\/svg\" xmlns:xlink=\"http:\/\/www.w3.org\/1999\/xlink\">\n    <g id=\"Webseite\" stroke=\"none\" stroke-width=\"1\" fill=\"none\" fill-rule=\"evenodd\">\n        <g id=\"Fachb\u00fcro\" transform=\"translate(-25.000000, -113.000000)\">\n            <g id=\"Group-15\" transform=\"translate(25.000000, 113.000000)\" fill=\"#f5f5f5\">\n                <circle id=\"Oval\" cx=\"2.5\" cy=\"242.5\" r=\"2.5\"><\/circle>\n                <circle id=\"Oval\" cx=\"2.5\" cy=\"222.5\" r=\"2.5\"><\/circle>\n                <circle id=\"Oval\" cx=\"2.5\" cy=\"202.5\" r=\"2.5\"><\/circle>\n                <circle id=\"Oval\" cx=\"2.5\" cy=\"182.5\" r=\"2.5\"><\/circle>\n                <circle id=\"Oval\" cx=\"2.5\" cy=\"162.5\" r=\"2.5\"><\/circle>\n                <circle id=\"Oval\" cx=\"2.5\" cy=\"142.5\" r=\"2.5\"><\/circle>\n                <circle id=\"Oval\" cx=\"2.5\" cy=\"122.5\" r=\"2.5\"><\/circle>\n                <circle id=\"Oval\" cx=\"2.5\" cy=\"102.5\" r=\"2.5\"><\/circle>\n                <circle id=\"Oval\" cx=\"2.5\" cy=\"82.5\" r=\"2.5\"><\/circle>\n                <circle id=\"Oval\" cx=\"2.5\" cy=\"62.5\" r=\"2.5\"><\/circle>\n                <circle id=\"Oval\" cx=\"2.5\" cy=\"42.5\" r=\"2.5\"><\/circle>\n                <circle id=\"Oval\" cx=\"2.5\" cy=\"22.5\" r=\"2.5\"><\/circle>\n                <circle id=\"Oval\" cx=\"2.5\" cy=\"2.5\" r=\"2.5\"><\/circle>\n                <circle id=\"Oval\" cx=\"22.5\" cy=\"242.5\" r=\"2.5\"><\/circle>\n                <circle id=\"Oval\" cx=\"22.5\" cy=\"222.5\" r=\"2.5\"><\/circle>\n                <circle id=\"Oval\" cx=\"22.5\" cy=\"202.5\" r=\"2.5\"><\/circle>\n                <circle id=\"Oval\" cx=\"22.5\" cy=\"182.5\" r=\"2.5\"><\/circle>\n                <circle id=\"Oval\" cx=\"22.5\" cy=\"162.5\" r=\"2.5\"><\/circle>\n                <circle id=\"Oval\" cx=\"22.5\" cy=\"142.5\" r=\"2.5\"><\/circle>\n                <circle id=\"Oval\" cx=\"22.5\" cy=\"122.5\" r=\"2.5\"><\/circle>\n                <circle id=\"Oval\" cx=\"22.5\" cy=\"102.5\" r=\"2.5\"><\/circle>\n                <circle id=\"Oval\" cx=\"22.5\" cy=\"82.5\" r=\"2.5\"><\/circle>\n                <circle id=\"Oval\" cx=\"22.5\" cy=\"62.5\" r=\"2.5\"><\/circle>\n                <circle id=\"Oval\" cx=\"22.5\" cy=\"42.5\" r=\"2.5\"><\/circle>\n                <circle id=\"Oval\" cx=\"22.5\" cy=\"22.5\" r=\"2.5\"><\/circle>\n                <circle id=\"Oval\" cx=\"42.5\" cy=\"242.5\" r=\"2.5\"><\/circle>\n                <circle id=\"Oval\" cx=\"42.5\" cy=\"222.5\" r=\"2.5\"><\/circle>\n                <circle id=\"Oval\" cx=\"42.5\" cy=\"202.5\" r=\"2.5\"><\/circle>\n                <circle id=\"Oval\" cx=\"42.5\" cy=\"182.5\" r=\"2.5\"><\/circle>\n                <circle id=\"Oval\" cx=\"42.5\" cy=\"162.5\" r=\"2.5\"><\/circle>\n                <circle id=\"Oval\" cx=\"42.5\" cy=\"142.5\" r=\"2.5\"><\/circle>\n                <circle id=\"Oval\" cx=\"42.5\" cy=\"122.5\" r=\"2.5\"><\/circle>\n                <circle id=\"Oval\" cx=\"42.5\" cy=\"102.5\" r=\"2.5\"><\/circle>\n                <circle id=\"Oval\" cx=\"42.5\" cy=\"82.5\" r=\"2.5\"><\/circle>\n                <circle id=\"Oval\" cx=\"42.5\" cy=\"62.5\" r=\"2.5\"><\/circle>\n                <circle id=\"Oval\" cx=\"42.5\" cy=\"42.5\" r=\"2.5\"><\/circle>\n                <circle id=\"Oval\" cx=\"62.5\" cy=\"242.5\" r=\"2.5\"><\/circle>\n                <circle id=\"Oval\" cx=\"62.5\" cy=\"222.5\" r=\"2.5\"><\/circle>\n                <circle id=\"Oval\" cx=\"62.5\" cy=\"202.5\" r=\"2.5\"><\/circle>\n                <circle id=\"Oval\" cx=\"62.5\" cy=\"182.5\" r=\"2.5\"><\/circle>\n                <circle id=\"Oval\" cx=\"62.5\" cy=\"162.5\" r=\"2.5\"><\/circle>\n                <circle id=\"Oval\" cx=\"62.5\" cy=\"142.5\" r=\"2.5\"><\/circle>\n                <circle id=\"Oval\" cx=\"62.5\" cy=\"122.5\" r=\"2.5\"><\/circle>\n                <circle id=\"Oval\" cx=\"62.5\" cy=\"102.5\" r=\"2.5\"><\/circle>\n                <circle id=\"Oval\" cx=\"62.5\" cy=\"82.5\" r=\"2.5\"><\/circle>\n                <circle id=\"Oval\" cx=\"62.5\" cy=\"62.5\" r=\"2.5\"><\/circle>\n                <circle id=\"Oval\" cx=\"82.5\" cy=\"242.5\" r=\"2.5\"><\/circle>\n                <circle id=\"Oval\" cx=\"82.5\" cy=\"222.5\" r=\"2.5\"><\/circle>\n                <circle id=\"Oval\" cx=\"82.5\" cy=\"202.5\" r=\"2.5\"><\/circle>\n                <circle id=\"Oval\" cx=\"82.5\" cy=\"182.5\" r=\"2.5\"><\/circle>\n                <circle id=\"Oval\" cx=\"82.5\" cy=\"162.5\" r=\"2.5\"><\/circle>\n                <circle id=\"Oval\" cx=\"82.5\" cy=\"142.5\" r=\"2.5\"><\/circle>\n                <circle id=\"Oval\" cx=\"82.5\" cy=\"122.5\" r=\"2.5\"><\/circle>\n                <circle id=\"Oval\" cx=\"82.5\" cy=\"102.5\" r=\"2.5\"><\/circle>\n                <circle id=\"Oval\" cx=\"82.5\" cy=\"82.5\" r=\"2.5\"><\/circle>\n                <circle id=\"Oval\" cx=\"102.5\" cy=\"242.5\" r=\"2.5\"><\/circle>\n                <circle id=\"Oval\" cx=\"102.5\" cy=\"222.5\" r=\"2.5\"><\/circle>\n                <circle id=\"Oval\" cx=\"102.5\" cy=\"202.5\" r=\"2.5\"><\/circle>\n                <circle id=\"Oval\" cx=\"102.5\" cy=\"182.5\" r=\"2.5\"><\/circle>\n                <circle id=\"Oval\" cx=\"102.5\" cy=\"162.5\" r=\"2.5\"><\/circle>\n                <circle id=\"Oval\" cx=\"102.5\" cy=\"142.5\" r=\"2.5\"><\/circle>\n                <circle id=\"Oval\" cx=\"102.5\" cy=\"122.5\" r=\"2.5\"><\/circle>\n                <circle id=\"Oval\" cx=\"102.5\" cy=\"102.5\" r=\"2.5\"><\/circle>\n                <circle id=\"Oval\" cx=\"122.5\" cy=\"242.5\" r=\"2.5\"><\/circle>\n                <circle id=\"Oval\" cx=\"122.5\" cy=\"222.5\" r=\"2.5\"><\/circle>\n                <circle id=\"Oval\" cx=\"122.5\" cy=\"202.5\" r=\"2.5\"><\/circle>\n                <circle id=\"Oval\" cx=\"122.5\" cy=\"182.5\" r=\"2.5\"><\/circle>\n                <circle id=\"Oval\" cx=\"122.5\" cy=\"162.5\" r=\"2.5\"><\/circle>\n                <circle id=\"Oval\" cx=\"122.5\" cy=\"142.5\" r=\"2.5\"><\/circle>\n                <circle id=\"Oval\" cx=\"122.5\" cy=\"122.5\" r=\"2.5\"><\/circle>\n                <circle id=\"Oval\" cx=\"142.5\" cy=\"242.5\" r=\"2.5\"><\/circle>\n                <circle id=\"Oval\" cx=\"142.5\" cy=\"222.5\" r=\"2.5\"><\/circle>\n                <circle id=\"Oval\" cx=\"142.5\" cy=\"202.5\" r=\"2.5\"><\/circle>\n                <circle id=\"Oval\" cx=\"142.5\" cy=\"182.5\" r=\"2.5\"><\/circle>\n                <circle id=\"Oval\" cx=\"142.5\" cy=\"162.5\" r=\"2.5\"><\/circle>\n                <circle id=\"Oval\" cx=\"142.5\" cy=\"142.5\" r=\"2.5\"><\/circle>\n                <circle id=\"Oval\" cx=\"161.5\" cy=\"242.5\" r=\"2.5\"><\/circle>\n                <circle id=\"Oval\" cx=\"161.5\" cy=\"222.5\" r=\"2.5\"><\/circle>\n                <circle id=\"Oval\" cx=\"161.5\" cy=\"202.5\" r=\"2.5\"><\/circle>\n                <circle id=\"Oval\" cx=\"161.5\" cy=\"182.5\" r=\"2.5\"><\/circle>\n                <circle id=\"Oval\" cx=\"161.5\" cy=\"162.5\" r=\"2.5\"><\/circle>\n                <circle id=\"Oval\" cx=\"181.5\" cy=\"242.5\" r=\"2.5\"><\/circle>\n                <circle id=\"Oval\" cx=\"181.5\" cy=\"222.5\" r=\"2.5\"><\/circle>\n                <circle id=\"Oval\" cx=\"181.5\" cy=\"202.5\" r=\"2.5\"><\/circle>\n                <circle id=\"Oval\" cx=\"181.5\" cy=\"182.5\" r=\"2.5\"><\/circle>\n                <circle id=\"Oval\" cx=\"201.5\" cy=\"242.5\" r=\"2.5\"><\/circle>\n                <circle id=\"Oval\" cx=\"201.5\" cy=\"222.5\" r=\"2.5\"><\/circle>\n                <circle id=\"Oval\" cx=\"201.5\" cy=\"202.5\" r=\"2.5\"><\/circle>\n                <circle id=\"Oval\" cx=\"221.5\" cy=\"242.5\" r=\"2.5\"><\/circle>\n                <circle id=\"Oval\" cx=\"221.5\" cy=\"222.5\" r=\"2.5\"><\/circle>\n                <circle id=\"Oval\" cx=\"241.5\" cy=\"242.5\" r=\"2.5\"><\/circle>\n            <\/g>\n        <\/g>\n    <\/g>\n<\/svg>\n<\/div>\t<\/div><\/div><\/div><\/div><div id=\"pgc-4529-2-1\"  class=\"panel-grid-cell\" ><div id=\"panel-4529-2-1-0\" class=\"so-panel widget widget_sow-image panel-first-child panel-last-child\" data-index=\"7\" ><div\n\t\t\t\n\t\t\tclass=\"so-widget-sow-image so-widget-sow-image-default-8b5b6f678277-4529\"\n\t\t\t\n\t\t>\n<div class=\"sow-image-container\">\n\t\t<img \n\tsrc=\"https:\/\/www.dittlmann.de\/fachbuero\/wp-content\/uploads\/sites\/3\/2020\/05\/autos.jpg\" width=\"800\" height=\"533\" srcset=\"https:\/\/www.dittlmann.de\/fachbuero\/wp-content\/uploads\/sites\/3\/2020\/05\/autos.jpg 800w, https:\/\/www.dittlmann.de\/fachbuero\/wp-content\/uploads\/sites\/3\/2020\/05\/autos-300x200.jpg 300w, https:\/\/www.dittlmann.de\/fachbuero\/wp-content\/uploads\/sites\/3\/2020\/05\/autos-768x512.jpg 768w\" sizes=\"(max-width: 800px) 100vw, 800px\" alt=\"\" \t\tclass=\"so-widget-image\"\/>\n\t<\/div>\n\n<\/div><\/div><\/div><\/div><\/div><\/div>","protected":false},"excerpt":{"rendered":"<p>Aktuelle Stellenausschreibungen Wir sind eines der f\u00fchrenden Fachb\u00fcros f\u00fcr Ausschreibungen von Feuerwehrfahrzeugen und Erstellen von Feuerwehrbedarfspl\u00e4nen in Bayern. Derzeit gibt es keine offenen Stellenausschreibungen Bitte haben Sie Verst\u00e4ndnis daf\u00fcr, dass wir etwaige Ihnen mit der Bewerbung oder Wahrnehmung von Vorstellungsgespr\u00e4chen in unserem Hause verbundenen Kosten nicht \u00fcbernehmen k\u00f6nnen. Datenschutzhinweise im Zusammenhang mit dem Bewerbungsverfahren<\/p>\n","protected":false},"author":2,"featured_media":0,"parent":0,"menu_order":0,"comment_status":"closed","ping_status":"closed","template":"","meta":{"footnotes":""},"class_list":["post-4529","page","type-page","status-publish","hentry"],"yoast_head":"<!-- This site is optimized with the Yoast SEO plugin v26.7 - https:\/\/yoast.com\/wordpress\/plugins\/seo\/ -->\n<title>Jobs - Dittlmann Fachb\u00fcro<\/title>\n<meta name=\"robots\" content=\"index, follow, max-snippet:-1, max-image-preview:large, max-video-preview:-1\" \/>\n<link rel=\"canonical\" href=\"https:\/\/www.dittlmann.de\/fachbuero\/jobs\/\" \/>\n<meta property=\"og:locale\" content=\"de_DE\" \/>\n<meta property=\"og:type\" content=\"article\" \/>\n<meta property=\"og:title\" content=\"Jobs - Dittlmann Fachb\u00fcro\" \/>\n<meta property=\"og:description\" content=\"Aktuelle Stellenausschreibungen Wir sind eines der f\u00fchrenden Fachb\u00fcros f\u00fcr Ausschreibungen von Feuerwehrfahrzeugen und Erstellen von Feuerwehrbedarfspl\u00e4nen in Bayern. Derzeit gibt es keine offenen Stellenausschreibungen Bitte haben Sie Verst\u00e4ndnis daf\u00fcr, dass wir etwaige Ihnen mit der Bewerbung oder Wahrnehmung von Vorstellungsgespr\u00e4chen in unserem Hause verbundenen Kosten nicht \u00fcbernehmen k\u00f6nnen. Datenschutzhinweise im Zusammenhang mit dem Bewerbungsverfahren\" \/>\n<meta property=\"og:url\" content=\"https:\/\/www.dittlmann.de\/fachbuero\/jobs\/\" \/>\n<meta property=\"og:site_name\" content=\"Dittlmann Fachb\u00fcro\" \/>\n<meta property=\"article:modified_time\" content=\"2022-09-19T14:19:53+00:00\" \/>\n<meta property=\"og:image\" content=\"https:\/\/www.dittlmann.de\/fachbuero\/wp-content\/uploads\/sites\/3\/2021\/07\/Stellenanzeige_Image2-300x200.jpg\" \/>\n<meta name=\"twitter:card\" content=\"summary_large_image\" \/>\n<meta name=\"twitter:label1\" content=\"Gesch\u00e4tzte Lesezeit\" \/>\n\t<meta name=\"twitter:data1\" content=\"1\u00a0Minute\" \/>\n<script type=\"application\/ld+json\" class=\"yoast-schema-graph\">{\"@context\":\"https:\/\/schema.org\",\"@graph\":[{\"@type\":\"WebPage\",\"@id\":\"https:\/\/www.dittlmann.de\/fachbuero\/jobs\/\",\"url\":\"https:\/\/www.dittlmann.de\/fachbuero\/jobs\/\",\"name\":\"Jobs - Dittlmann Fachb\u00fcro\",\"isPartOf\":{\"@id\":\"https:\/\/www.dittlmann.de\/fachbuero\/#website\"},\"primaryImageOfPage\":{\"@id\":\"https:\/\/www.dittlmann.de\/fachbuero\/jobs\/#primaryimage\"},\"image\":{\"@id\":\"https:\/\/www.dittlmann.de\/fachbuero\/jobs\/#primaryimage\"},\"thumbnailUrl\":\"https:\/\/www.dittlmann.de\/fachbuero\/wp-content\/uploads\/sites\/3\/2021\/07\/Stellenanzeige_Image2-300x200.jpg\",\"datePublished\":\"2021-07-07T16:10:23+00:00\",\"dateModified\":\"2022-09-19T14:19:53+00:00\",\"breadcrumb\":{\"@id\":\"https:\/\/www.dittlmann.de\/fachbuero\/jobs\/#breadcrumb\"},\"inLanguage\":\"de\",\"potentialAction\":[{\"@type\":\"ReadAction\",\"target\":[\"https:\/\/www.dittlmann.de\/fachbuero\/jobs\/\"]}]},{\"@type\":\"ImageObject\",\"inLanguage\":\"de\",\"@id\":\"https:\/\/www.dittlmann.de\/fachbuero\/jobs\/#primaryimage\",\"url\":\"https:\/\/www.dittlmann.de\/fachbuero\/wp-content\/uploads\/sites\/3\/2021\/07\/Stellenanzeige_Image2-300x200.jpg\",\"contentUrl\":\"https:\/\/www.dittlmann.de\/fachbuero\/wp-content\/uploads\/sites\/3\/2021\/07\/Stellenanzeige_Image2-300x200.jpg\"},{\"@type\":\"BreadcrumbList\",\"@id\":\"https:\/\/www.dittlmann.de\/fachbuero\/jobs\/#breadcrumb\",\"itemListElement\":[{\"@type\":\"ListItem\",\"position\":1,\"name\":\"Startseite\",\"item\":\"https:\/\/www.dittlmann.de\/fachbuero\/\"},{\"@type\":\"ListItem\",\"position\":2,\"name\":\"Jobs\"}]},{\"@type\":\"WebSite\",\"@id\":\"https:\/\/www.dittlmann.de\/fachbuero\/#website\",\"url\":\"https:\/\/www.dittlmann.de\/fachbuero\/\",\"name\":\"Andreas Dittlmann - Fachb\u00fcro f\u00fcr Bedarfsplanungen im Feuerwehrwesen\",\"description\":\"\",\"publisher\":{\"@id\":\"https:\/\/www.dittlmann.de\/fachbuero\/#organization\"},\"potentialAction\":[{\"@type\":\"SearchAction\",\"target\":{\"@type\":\"EntryPoint\",\"urlTemplate\":\"https:\/\/www.dittlmann.de\/fachbuero\/?s={search_term_string}\"},\"query-input\":{\"@type\":\"PropertyValueSpecification\",\"valueRequired\":true,\"valueName\":\"search_term_string\"}}],\"inLanguage\":\"de\"},{\"@type\":\"Organization\",\"@id\":\"https:\/\/www.dittlmann.de\/fachbuero\/#organization\",\"name\":\"Andreas Dittlmann - Fachb\u00fcro f\u00fcr Bedarfsplanungen im Feuerwehrwesen\",\"url\":\"https:\/\/www.dittlmann.de\/fachbuero\/\",\"logo\":{\"@type\":\"ImageObject\",\"inLanguage\":\"de\",\"@id\":\"https:\/\/www.dittlmann.de\/fachbuero\/#\/schema\/logo\/image\/\",\"url\":\"https:\/\/www.dittlmann.de\/fachbuero\/wp-content\/uploads\/sites\/3\/2020\/05\/dittlmann_logo.jpg\",\"contentUrl\":\"https:\/\/www.dittlmann.de\/fachbuero\/wp-content\/uploads\/sites\/3\/2020\/05\/dittlmann_logo.jpg\",\"width\":260,\"height\":56,\"caption\":\"Andreas Dittlmann - Fachb\u00fcro f\u00fcr Bedarfsplanungen im Feuerwehrwesen\"},\"image\":{\"@id\":\"https:\/\/www.dittlmann.de\/fachbuero\/#\/schema\/logo\/image\/\"}}]}<\/script>\n<!-- \/ Yoast SEO plugin. -->","yoast_head_json":{"title":"Jobs - Dittlmann Fachb\u00fcro","robots":{"index":"index","follow":"follow","max-snippet":"max-snippet:-1","max-image-preview":"max-image-preview:large","max-video-preview":"max-video-preview:-1"},"canonical":"https:\/\/www.dittlmann.de\/fachbuero\/jobs\/","og_locale":"de_DE","og_type":"article","og_title":"Jobs - Dittlmann Fachb\u00fcro","og_description":"Aktuelle Stellenausschreibungen Wir sind eines der f\u00fchrenden Fachb\u00fcros f\u00fcr Ausschreibungen von Feuerwehrfahrzeugen und Erstellen von Feuerwehrbedarfspl\u00e4nen in Bayern. Derzeit gibt es keine offenen Stellenausschreibungen Bitte haben Sie Verst\u00e4ndnis daf\u00fcr, dass wir etwaige Ihnen mit der Bewerbung oder Wahrnehmung von Vorstellungsgespr\u00e4chen in unserem Hause verbundenen Kosten nicht \u00fcbernehmen k\u00f6nnen. Datenschutzhinweise im Zusammenhang mit dem Bewerbungsverfahren","og_url":"https:\/\/www.dittlmann.de\/fachbuero\/jobs\/","og_site_name":"Dittlmann Fachb\u00fcro","article_modified_time":"2022-09-19T14:19:53+00:00","og_image":[{"url":"https:\/\/www.dittlmann.de\/fachbuero\/wp-content\/uploads\/sites\/3\/2021\/07\/Stellenanzeige_Image2-300x200.jpg","type":"","width":"","height":""}],"twitter_card":"summary_large_image","twitter_misc":{"Gesch\u00e4tzte Lesezeit":"1\u00a0Minute"},"schema":{"@context":"https:\/\/schema.org","@graph":[{"@type":"WebPage","@id":"https:\/\/www.dittlmann.de\/fachbuero\/jobs\/","url":"https:\/\/www.dittlmann.de\/fachbuero\/jobs\/","name":"Jobs - Dittlmann Fachb\u00fcro","isPartOf":{"@id":"https:\/\/www.dittlmann.de\/fachbuero\/#website"},"primaryImageOfPage":{"@id":"https:\/\/www.dittlmann.de\/fachbuero\/jobs\/#primaryimage"},"image":{"@id":"https:\/\/www.dittlmann.de\/fachbuero\/jobs\/#primaryimage"},"thumbnailUrl":"https:\/\/www.dittlmann.de\/fachbuero\/wp-content\/uploads\/sites\/3\/2021\/07\/Stellenanzeige_Image2-300x200.jpg","datePublished":"2021-07-07T16:10:23+00:00","dateModified":"2022-09-19T14:19:53+00:00","breadcrumb":{"@id":"https:\/\/www.dittlmann.de\/fachbuero\/jobs\/#breadcrumb"},"inLanguage":"de","potentialAction":[{"@type":"ReadAction","target":["https:\/\/www.dittlmann.de\/fachbuero\/jobs\/"]}]},{"@type":"ImageObject","inLanguage":"de","@id":"https:\/\/www.dittlmann.de\/fachbuero\/jobs\/#primaryimage","url":"https:\/\/www.dittlmann.de\/fachbuero\/wp-content\/uploads\/sites\/3\/2021\/07\/Stellenanzeige_Image2-300x200.jpg","contentUrl":"https:\/\/www.dittlmann.de\/fachbuero\/wp-content\/uploads\/sites\/3\/2021\/07\/Stellenanzeige_Image2-300x200.jpg"},{"@type":"BreadcrumbList","@id":"https:\/\/www.dittlmann.de\/fachbuero\/jobs\/#breadcrumb","itemListElement":[{"@type":"ListItem","position":1,"name":"Startseite","item":"https:\/\/www.dittlmann.de\/fachbuero\/"},{"@type":"ListItem","position":2,"name":"Jobs"}]},{"@type":"WebSite","@id":"https:\/\/www.dittlmann.de\/fachbuero\/#website","url":"https:\/\/www.dittlmann.de\/fachbuero\/","name":"Andreas Dittlmann - Fachb\u00fcro f\u00fcr Bedarfsplanungen im Feuerwehrwesen","description":"","publisher":{"@id":"https:\/\/www.dittlmann.de\/fachbuero\/#organization"},"potentialAction":[{"@type":"SearchAction","target":{"@type":"EntryPoint","urlTemplate":"https:\/\/www.dittlmann.de\/fachbuero\/?s={search_term_string}"},"query-input":{"@type":"PropertyValueSpecification","valueRequired":true,"valueName":"search_term_string"}}],"inLanguage":"de"},{"@type":"Organization","@id":"https:\/\/www.dittlmann.de\/fachbuero\/#organization","name":"Andreas Dittlmann - Fachb\u00fcro f\u00fcr Bedarfsplanungen im Feuerwehrwesen","url":"https:\/\/www.dittlmann.de\/fachbuero\/","logo":{"@type":"ImageObject","inLanguage":"de","@id":"https:\/\/www.dittlmann.de\/fachbuero\/#\/schema\/logo\/image\/","url":"https:\/\/www.dittlmann.de\/fachbuero\/wp-content\/uploads\/sites\/3\/2020\/05\/dittlmann_logo.jpg","contentUrl":"https:\/\/www.dittlmann.de\/fachbuero\/wp-content\/uploads\/sites\/3\/2020\/05\/dittlmann_logo.jpg","width":260,"height":56,"caption":"Andreas Dittlmann - Fachb\u00fcro f\u00fcr Bedarfsplanungen im Feuerwehrwesen"},"image":{"@id":"https:\/\/www.dittlmann.de\/fachbuero\/#\/schema\/logo\/image\/"}}]}},"_links":{"self":[{"href":"https:\/\/www.dittlmann.de\/fachbuero\/wp-json\/wp\/v2\/pages\/4529","targetHints":{"allow":["GET"]}}],"collection":[{"href":"https:\/\/www.dittlmann.de\/fachbuero\/wp-json\/wp\/v2\/pages"}],"about":[{"href":"https:\/\/www.dittlmann.de\/fachbuero\/wp-json\/wp\/v2\/types\/page"}],"author":[{"embeddable":true,"href":"https:\/\/www.dittlmann.de\/fachbuero\/wp-json\/wp\/v2\/users\/2"}],"replies":[{"embeddable":true,"href":"https:\/\/www.dittlmann.de\/fachbuero\/wp-json\/wp\/v2\/comments?post=4529"}],"version-history":[{"count":48,"href":"https:\/\/www.dittlmann.de\/fachbuero\/wp-json\/wp\/v2\/pages\/4529\/revisions"}],"predecessor-version":[{"id":5714,"href":"https:\/\/www.dittlmann.de\/fachbuero\/wp-json\/wp\/v2\/pages\/4529\/revisions\/5714"}],"wp:attachment":[{"href":"https:\/\/www.dittlmann.de\/fachbuero\/wp-json\/wp\/v2\/media?parent=4529"}],"curies":[{"name":"wp","href":"https:\/\/api.w.org\/{rel}","templated":true}]}}